{"id":2331,"date":"2023-06-19T15:39:19","date_gmt":"2023-06-19T15:39:19","guid":{"rendered":"https:\/\/www.nw-groupe.com\/conditions-generales-dutilisation\/"},"modified":"2025-01-27T09:36:40","modified_gmt":"2025-01-27T09:36:40","slug":"accessibilita","status":"publish","type":"page","link":"https:\/\/www.nw-groupe.com\/it\/accessibilita\/","title":{"rendered":"Accessibilit\u00e0"},"content":{"rendered":"\n<h1 class=\"wp-block-heading\">Accessibilit\u00e0<\/h1>\n\n\n\n<h2 class=\"wp-block-heading\">Objet<\/h2>\n\n\n\n<p>Les pr\u00e9sentes Conditions G\u00e9n\u00e9rales d\u2019utilisation (\u00ab CGU \u00bb) ont pour objet de d\u00e9finir les modalit\u00e9s de mise \u00e0 disposition du site&nbsp;<a href=\"https:\/\/nw-groupe.com\/\">https:\/\/nw-groupe.com\/<\/a>&nbsp;(le \u00ab&nbsp;<strong>Site<\/strong>&nbsp;\u00bb) par NW SERVICES (l\u2019\u00ab&nbsp;<strong>Editeur<\/strong>&nbsp;\u00bb ou \u00ab&nbsp;<strong>nous<\/strong>&nbsp;\u00bb) aux internautes (les \u00ab&nbsp;<strong>Internautes<\/strong>&nbsp;\u00bb ou \u00ab&nbsp;<strong>vous<\/strong>&nbsp;\u00bb). L\u2019utilisation du Site implique votre acceptation sans r\u00e9serve des CGU ainsi que le respect des obligations l\u00e9gales et r\u00e9glementaires en vigueur. L\u2019\u00c9diteur pourra faire \u00e9voluer ces CGU, vous \u00eates donc invit\u00e9 \u00e0 en prendre r\u00e9guli\u00e8rement connaissance.<\/p>\n\n\n\n<h2 class=\"wp-block-heading\">Acc\u00e8s au site<\/h2>\n\n\n\n<p>Le Site est r\u00e9serv\u00e9 \u00e0 une utilisation personnelle et non commerciale par l\u2019Internaute.<\/p>\n\n\n\n<p>L\u2019Internaute reconna\u00eet disposer de la comp\u00e9tence, des mat\u00e9riels et des moyens n\u00e9cessaires pour utiliser le Site.<\/p>\n\n\n\n<p>Le Site est accessible de mani\u00e8re permanente, toutefois, l\u2019\u00c9diteur peut, \u00e0 sa seule discr\u00e9tion, suspendre, interrompre ou interdire l\u2019acc\u00e8s \u00e0 tout ou partie du Site. L\u2019\u00c9diteur ne pourra pas \u00eatre tenu pour responsable en cas d\u2019indisponibilit\u00e9 du Site pour quelque cause que ce soit.<\/p>\n\n\n\n<h2 class=\"wp-block-heading\">Utilisation<\/h2>\n\n\n\n<p>L\u2019Internaute s\u2019interdit :<\/p>\n\n\n\n<ul class=\"wp-block-list\">\n<li>D\u2019acc\u00e9der ou de se maintenir frauduleusement dans le Site, d\u2019entraver ou d\u2019alt\u00e9rer le fonctionnement de celui-ci notamment en y introduisant des virus ou tout autre programme susceptible de causer un dommage et\/ou de porter atteinte aux donn\u00e9es du Site ;<\/li>\n\n\n\n<li>D\u2019utiliser le Site dans un but illicite, ill\u00e9gal, malveillant ou discriminatoire ;<\/li>\n\n\n\n<li>D\u2019entraver le bon fonctionnement du Site ;<\/li>\n\n\n\n<li>De collecter des informations relatives aux autres Internautes, ou de nuire aux autres Internautes, directement ou indirectement.<\/li>\n<\/ul>\n\n\n\n<h2 class=\"wp-block-heading\">Propri\u00e9t\u00e9 intellectuelle<\/h2>\n\n\n\n<p>Le Site est la propri\u00e9t\u00e9 pleine et enti\u00e8re de l\u2019\u00c9diteur, ainsi que chacun des \u00e9l\u00e9ments qui le composent (logos, images, photographies, code, contenu, etc.). Ces \u00e9l\u00e9ments sont prot\u00e9g\u00e9s par des droits de propri\u00e9t\u00e9 intellectuelle.<\/p>\n\n\n\n<p>L\u2019\u00c9diteur accorde \u00e0 l\u2019Internaute un simple droit d\u2019usage du Site, personnel, non cessible, non exclusif, pour ses seuls besoins et strictement limit\u00e9 \u00e0 la destination du Site.<\/p>\n\n\n\n<p>Toute utilisation non autoris\u00e9e, reproduction totale ou partielle, copie, exploitation, t\u00e9l\u00e9chargement, affichage, modification, traduction, publication, adaptation, transmission, ou diffusion de tout ou partie du Site sous quelque forme que ce soit, par tout moyen ou sur tout support, \u00e0 titre gratuit ou pas, est interdite. Toute utilisation non autoris\u00e9e au titre des pr\u00e9sentes est illicite et engagera la responsabilit\u00e9 de l\u2019Internaute.<\/p>\n\n\n\n<h2 class=\"wp-block-heading\">Marques<\/h2>\n\n\n\n<p>Toute utilisation des marques ou logos apparaissant sur le Site est soumise \u00e0 l\u2019autorisation expresse de l\u2019\u00c9diteur ou du titulaire des droits de propri\u00e9t\u00e9 intellectuelle concern\u00e9.<\/p>\n\n\n\n<h2 class=\"wp-block-heading\">Responsabilit\u00e9<\/h2>\n\n\n\n<p>L\u2019\u00c9diteur est sous \u00e0 une obligation de moyens et n\u2019est responsable que des dommages directs.<\/p>\n\n\n\n<h2 class=\"wp-block-heading\">Contenu du Site<\/h2>\n\n\n\n<p>Les informations pr\u00e9sent\u00e9es sur le Site sont des informations g\u00e9n\u00e9rales, fournies \u00e0 titre indicatif, non exhaustives et sans garantie. Elles sont fournies en l\u2019\u00e9tat et peuvent \u00eatre modifi\u00e9es par l\u2019\u00c9diteur \u00e0 tout moment.<\/p>\n\n\n\n<p>Les photos propos\u00e9es sur le Site ne sont pas contractuelles. Le cas \u00e9ch\u00e9ant, les produits et services pr\u00e9sent\u00e9s sur le Site sont, pour la plupart, \u00e0 usage professionnel et n\u00e9cessitent des comp\u00e9tences techniques.<\/p>\n\n\n\n<p>En cas de publication par l\u2019Internaute, il est le seul responsable du contenu qu\u2019il publie et la responsabilit\u00e9 de l\u2019\u00c9diteur ne saurait en aucun cas \u00eatre engag\u00e9e \u00e0 ce titre.<\/p>\n\n\n\n<p>L\u2019\u00c9diteur ne saurait \u00eatre tenu pour responsable des dommages r\u00e9sultant de faits de tiers et notamment des applications tierces (r\u00e9seaux sociaux).<\/p>\n\n\n\n<h2 class=\"wp-block-heading\">Force majeure<\/h2>\n\n\n\n<p>Enfin, la responsabilit\u00e9 de l\u2019\u00c9diteur ne pourra \u00eatre engag\u00e9e en cas de force majeure telle que d\u00e9finie \u00e0 l\u2019article 1218 du code civil ou de faits ind\u00e9pendants de sa volont\u00e9.<\/p>\n\n\n\n<h2 class=\"wp-block-heading\">S\u00e9curit\u00e9<\/h2>\n\n\n\n<p>L\u2019\u00c9diteur ne saurait \u00eatre tenu pour responsable des atteintes \u00e0 la s\u00e9curit\u00e9 informatique pouvant causer des dommages \u00e0 vos \u00e9quipements et \u00e0 vos donn\u00e9es ou encore d\u2019intrusion de tiers malgr\u00e9 les mesures de s\u00e9curit\u00e9 mises en place.<\/p>\n\n\n\n<h2 class=\"wp-block-heading\">Liens hypertextes<\/h2>\n\n\n\n<p>Lorsque des liens hypertextes vers des sites web \u00e9dit\u00e9s et\/ou g\u00e9r\u00e9s par des tiers sont pr\u00e9sents sur le Site, vous reconnaissez que le Site n\u2019assume aucune responsabilit\u00e9 relative \u00e0 la mise \u00e0 disposition de ces liens dans la mesure o\u00f9 aucun contr\u00f4le n\u2019est exerc\u00e9 sur ces ressources externes. Le Site ne pourra \u00eatre tenu pour responsable quant au contenu ou au fonctionnement de ces sites tiers. Toute cr\u00e9ation de liens vers le Site et plus g\u00e9n\u00e9ralement toute utilisation d\u2019un \u00e9l\u00e9ment composant le Site est soumise \u00e0 l\u2019autorisation \u00e9crite pr\u00e9alable de l\u2019\u00c9diteur, qui pourra \u00eatre r\u00e9voqu\u00e9e \u00e0 tout moment \u00e0 sa seule discr\u00e9tion.<\/p>\n\n\n\n<h2 class=\"wp-block-heading\">Donn\u00e9es personnelles<\/h2>\n\n\n\n<p>Vos donn\u00e9es \u00e0 caract\u00e8re personnel peuvent \u00eatre collect\u00e9es lorsque vous utilisez le Site. Elles sont trait\u00e9es conform\u00e9ment \u00e0 la Politique de confidentialit\u00e9 et \u00e0 la Politique cookies<\/p>\n\n\n\n<h2 class=\"wp-block-heading\">Loi applicable<\/h2>\n\n\n\n<p>TOUT LITIGE EN RELATION AVEC L&#8217;UTILISATION DU SITE EST SOUMIS AU DROIT FRAN\u00c7AIS. IL EN EST AINSI POUR LES R\u00c8GLES DE FOND COMME POUR LES R\u00c8GLES DE FORME, QUELS QUE SOIENT LE LIEU DU DOMMAGE, LE NOMBRE DE D\u00c9FENDEURS, M\u00caME POUR LES PROC\u00c9DURES D\u2019URGENCES OU LES PROC\u00c9DURES CONSERVATOIRES, EN R\u00c9F\u00c9R\u00c9 OU PAR REQU\u00caTE. LES TRIBUNAUX FRAN\u00c7AIS SERONT COMP\u00c9TENTS POUR LES INTERNAUTES SITU\u00c9S SUR LE TERRITOIRE FRAN\u00c7AIS.<\/p>\n","protected":false},"excerpt":{"rendered":"<p>Accessibilit\u00e0 Objet Les pr\u00e9sentes Conditions G\u00e9n\u00e9rales d\u2019utilisation (\u00ab CGU \u00bb) ont pour objet de d\u00e9finir les modalit\u00e9s de mise \u00e0 disposition du site&nbsp;https:\/\/nw-groupe.com\/&nbsp;(le \u00ab&nbsp;Site&nbsp;\u00bb) par NW SERVICES (l\u2019\u00ab&nbsp;Editeur&nbsp;\u00bb ou \u00ab&nbsp;nous&nbsp;\u00bb) aux internautes (les \u00ab&nbsp;Internautes&nbsp;\u00bb ou \u00ab&nbsp;vous&nbsp;\u00bb). L\u2019utilisation du Site implique votre acceptation sans r\u00e9serve des CGU ainsi que le respect des obligations l\u00e9gales et r\u00e9glementaires [&hellip;]<\/p>\n","protected":false},"author":3,"featured_media":0,"parent":0,"menu_order":0,"comment_status":"closed","ping_status":"closed","template":"","meta":{"_acf_changed":false,"footnotes":""},"class_list":["post-2331","page","type-page","status-publish","hentry"],"acf":[],"yoast_head":"<!-- This site is optimized with the Yoast SEO plugin v26.2 - https:\/\/yoast.com\/wordpress\/plugins\/seo\/ -->\n<title>Accessibilit\u00e0 - NW<\/title>\n<meta name=\"robots\" content=\"index, follow, max-snippet:-1, max-image-preview:large, max-video-preview:-1\" \/>\n<link rel=\"canonical\" href=\"https:\/\/www.nw-groupe.com\/it\/accessibilita\/\" \/>\n<meta property=\"og:locale\" content=\"it_IT\" \/>\n<meta property=\"og:type\" content=\"article\" \/>\n<meta property=\"og:title\" content=\"Accessibilit\u00e0 - NW\" \/>\n<meta property=\"og:description\" content=\"Accessibilit\u00e0 Objet Les pr\u00e9sentes Conditions G\u00e9n\u00e9rales d\u2019utilisation (\u00ab CGU \u00bb) ont pour objet de d\u00e9finir les modalit\u00e9s de mise \u00e0 disposition du site&nbsp;https:\/\/nw-groupe.com\/&nbsp;(le \u00ab&nbsp;Site&nbsp;\u00bb) par NW SERVICES (l\u2019\u00ab&nbsp;Editeur&nbsp;\u00bb ou \u00ab&nbsp;nous&nbsp;\u00bb) aux internautes (les \u00ab&nbsp;Internautes&nbsp;\u00bb ou \u00ab&nbsp;vous&nbsp;\u00bb). L\u2019utilisation du Site implique votre acceptation sans r\u00e9serve des CGU ainsi que le respect des obligations l\u00e9gales et r\u00e9glementaires [&hellip;]\" \/>\n<meta property=\"og:url\" content=\"https:\/\/www.nw-groupe.com\/it\/accessibilita\/\" \/>\n<meta property=\"og:site_name\" content=\"NW\" \/>\n<meta property=\"article:modified_time\" content=\"2025-01-27T09:36:40+00:00\" \/>\n<meta name=\"twitter:card\" content=\"summary_large_image\" \/>\n<meta name=\"twitter:label1\" content=\"Est. reading time\" \/>\n\t<meta name=\"twitter:data1\" content=\"5 minuti\" \/>\n<script type=\"application\/ld+json\" class=\"yoast-schema-graph\">{\"@context\":\"https:\/\/schema.org\",\"@graph\":[{\"@type\":\"WebPage\",\"@id\":\"https:\/\/www.nw-groupe.com\/it\/accessibilita\/\",\"url\":\"https:\/\/www.nw-groupe.com\/it\/accessibilita\/\",\"name\":\"Accessibilit\u00e0 - NW\",\"isPartOf\":{\"@id\":\"https:\/\/www.nw-groupe.com\/it\/#website\"},\"datePublished\":\"2023-06-19T15:39:19+00:00\",\"dateModified\":\"2025-01-27T09:36:40+00:00\",\"breadcrumb\":{\"@id\":\"https:\/\/www.nw-groupe.com\/it\/accessibilita\/#breadcrumb\"},\"inLanguage\":\"it-IT\",\"potentialAction\":[{\"@type\":\"ReadAction\",\"target\":[\"https:\/\/www.nw-groupe.com\/it\/accessibilita\/\"]}]},{\"@type\":\"BreadcrumbList\",\"@id\":\"https:\/\/www.nw-groupe.com\/it\/accessibilita\/#breadcrumb\",\"itemListElement\":[{\"@type\":\"ListItem\",\"position\":1,\"name\":\"Casa\",\"item\":\"https:\/\/www.nw-groupe.com\/it\/\"},{\"@type\":\"ListItem\",\"position\":2,\"name\":\"Accessibilit\u00e0\"}]},{\"@type\":\"WebSite\",\"@id\":\"https:\/\/www.nw-groupe.com\/it\/#website\",\"url\":\"https:\/\/www.nw-groupe.com\/it\/\",\"name\":\"NW\",\"description\":\"\",\"potentialAction\":[{\"@type\":\"SearchAction\",\"target\":{\"@type\":\"EntryPoint\",\"urlTemplate\":\"https:\/\/www.nw-groupe.com\/it\/?s={search_term_string}\"},\"query-input\":{\"@type\":\"PropertyValueSpecification\",\"valueRequired\":true,\"valueName\":\"search_term_string\"}}],\"inLanguage\":\"it-IT\"}]}<\/script>\n<!-- \/ Yoast SEO plugin. -->","yoast_head_json":{"title":"Accessibilit\u00e0 - NW","robots":{"index":"index","follow":"follow","max-snippet":"max-snippet:-1","max-image-preview":"max-image-preview:large","max-video-preview":"max-video-preview:-1"},"canonical":"https:\/\/www.nw-groupe.com\/it\/accessibilita\/","og_locale":"it_IT","og_type":"article","og_title":"Accessibilit\u00e0 - NW","og_description":"Accessibilit\u00e0 Objet Les pr\u00e9sentes Conditions G\u00e9n\u00e9rales d\u2019utilisation (\u00ab CGU \u00bb) ont pour objet de d\u00e9finir les modalit\u00e9s de mise \u00e0 disposition du site&nbsp;https:\/\/nw-groupe.com\/&nbsp;(le \u00ab&nbsp;Site&nbsp;\u00bb) par NW SERVICES (l\u2019\u00ab&nbsp;Editeur&nbsp;\u00bb ou \u00ab&nbsp;nous&nbsp;\u00bb) aux internautes (les \u00ab&nbsp;Internautes&nbsp;\u00bb ou \u00ab&nbsp;vous&nbsp;\u00bb). L\u2019utilisation du Site implique votre acceptation sans r\u00e9serve des CGU ainsi que le respect des obligations l\u00e9gales et r\u00e9glementaires [&hellip;]","og_url":"https:\/\/www.nw-groupe.com\/it\/accessibilita\/","og_site_name":"NW","article_modified_time":"2025-01-27T09:36:40+00:00","twitter_card":"summary_large_image","twitter_misc":{"Est. reading time":"5 minuti"},"schema":{"@context":"https:\/\/schema.org","@graph":[{"@type":"WebPage","@id":"https:\/\/www.nw-groupe.com\/it\/accessibilita\/","url":"https:\/\/www.nw-groupe.com\/it\/accessibilita\/","name":"Accessibilit\u00e0 - NW","isPartOf":{"@id":"https:\/\/www.nw-groupe.com\/it\/#website"},"datePublished":"2023-06-19T15:39:19+00:00","dateModified":"2025-01-27T09:36:40+00:00","breadcrumb":{"@id":"https:\/\/www.nw-groupe.com\/it\/accessibilita\/#breadcrumb"},"inLanguage":"it-IT","potentialAction":[{"@type":"ReadAction","target":["https:\/\/www.nw-groupe.com\/it\/accessibilita\/"]}]},{"@type":"BreadcrumbList","@id":"https:\/\/www.nw-groupe.com\/it\/accessibilita\/#breadcrumb","itemListElement":[{"@type":"ListItem","position":1,"name":"Casa","item":"https:\/\/www.nw-groupe.com\/it\/"},{"@type":"ListItem","position":2,"name":"Accessibilit\u00e0"}]},{"@type":"WebSite","@id":"https:\/\/www.nw-groupe.com\/it\/#website","url":"https:\/\/www.nw-groupe.com\/it\/","name":"NW","description":"","potentialAction":[{"@type":"SearchAction","target":{"@type":"EntryPoint","urlTemplate":"https:\/\/www.nw-groupe.com\/it\/?s={search_term_string}"},"query-input":{"@type":"PropertyValueSpecification","valueRequired":true,"valueName":"search_term_string"}}],"inLanguage":"it-IT"}]}},"_links":{"self":[{"href":"https:\/\/www.nw-groupe.com\/it\/wp-json\/wp\/v2\/pages\/2331","targetHints":{"allow":["GET"]}}],"collection":[{"href":"https:\/\/www.nw-groupe.com\/it\/wp-json\/wp\/v2\/pages"}],"about":[{"href":"https:\/\/www.nw-groupe.com\/it\/wp-json\/wp\/v2\/types\/page"}],"author":[{"embeddable":true,"href":"https:\/\/www.nw-groupe.com\/it\/wp-json\/wp\/v2\/users\/3"}],"replies":[{"embeddable":true,"href":"https:\/\/www.nw-groupe.com\/it\/wp-json\/wp\/v2\/comments?post=2331"}],"version-history":[{"count":2,"href":"https:\/\/www.nw-groupe.com\/it\/wp-json\/wp\/v2\/pages\/2331\/revisions"}],"predecessor-version":[{"id":2368,"href":"https:\/\/www.nw-groupe.com\/it\/wp-json\/wp\/v2\/pages\/2331\/revisions\/2368"}],"wp:attachment":[{"href":"https:\/\/www.nw-groupe.com\/it\/wp-json\/wp\/v2\/media?parent=2331"}],"curies":[{"name":"wp","href":"https:\/\/api.w.org\/{rel}","templated":true}]}}