{"id":2262,"date":"2023-05-11T10:19:13","date_gmt":"2023-05-11T10:19:13","guid":{"rendered":"https:\/\/www.nw-groupe.com\/jean-christophe-kerdelhue-president-executif-fondateur-de-nw\/"},"modified":"2025-03-11T13:39:18","modified_gmt":"2025-03-11T13:39:18","slug":"jean-christophe-kerdelhue","status":"publish","type":"page","link":"https:\/\/www.nw-groupe.com\/it\/jean-christophe-kerdelhue\/","title":{"rendered":"Jean-Christophe Kerdelhu\u00e9, Presidente Esecutivo di NW"},"content":{"rendered":"\n<div class=\"c-article__full\">\n  <div class=\"c-page-head\">\n    <div class=\"c-page-head__inner\">\n            <h1 class=\"c-page-head__title\">Jean-Christophe Kerdelhu\u00e9, Presidente Esecutivo di NW<\/h1>\n                  <div class=\"c-page-head__intro\">\n        <p class=\"p1\"><span class=\"s1\">Jean-Christophe Kerdelhu\u00e9 \u00e8 un imprenditore francese con oltre 35 anni di esperienza professionale nel settore energetico.<\/span><\/p>\n      <\/div>\n          <\/div>\n      <\/div>\n<\/div>\n\n\n\n<p>Dopo aver iniziato la sua carriera presso la Compagnie G\u00e9n\u00e9rale des Eaux (Veolia), Jean-<br>Christophe \u00e8 entrato a far parte di SIIF (produzione di energia idroelettrica), dove ha<br>trascorso circa dieci anni come project manager e consulente del Presidente.<\/p>\n\n\n\n<p>Nel 2000 \u00e8 entrato a far parte di EDF Energies Nouvelles come Direttore Generale per i<br>territori francesi d&#8217;oltremare. Questa posizione gli ha permesso di specializzarsi nella<br>produzione di energia elettrica da fonti rinnovabili (idroelettrico, solare termico ed eolico),<br>confrontandosi anche con le specificit\u00e0 territoriali delle Antille francesi (Guadalupa, Saint<br>Barth\u00e9l\u00e9my, Saint Martin, Martinica), della Guyana francese e della Riunione. \u00c8 stata anche<br>l&#8217;occasione per scoprire una passione che non lo abbandoner\u00e0 mai: rendere la transizione<br>energetica accessibile a tutti.<\/p>\n\n\n\n<figure class=\"c-fullquote c-fullquote--no-thumb\">\n    <blockquote>\n    <p>\n      Il motivo pi\u00f9 importante per lavorare \u00e8 il piacere che se ne trae, il piacere del risultato che siottiene e la consapevolezza del valore di questo risultato per la comunit\u00e0.\u201d\n    <\/p>\n  <\/blockquote>\n  <figcaption><strong>Albert Einstein<\/strong> <\/figcaption>\n<\/figure>\n\n\n\n<p>Nel 2007, Jean-Christophe ha fondato la sua societ\u00e0, <a href=\"https:\/\/www.nw-groupe.com\/it\/chi-siamo\/\">NW<\/a>. Inizialmente l&#8217;azienda si \u00e8<br>concentrata sulla gestione e lo sviluppo di nuovi siti di produzione di energia elettrica. Le sue<br>attivit\u00e0 si sono poi diversificate, in particolare nel settore altamente strategico dell&#8217;accumulo<br>di energia elettrica, di cui NW \u00e8 un pioniere. Abbinata a una soluzione di ricarica ad alta<br>potenza per veicoli elettrici (<a href=\"https:\/\/www.nw-groupe.com\/it\/solution\/iecharge\/\">IECharge\u00ae<\/a>), questa soluzione di accumulo diffuso<br>(<a href=\"https:\/\/www.nw-groupe.com\/it\/solution\/jbox\/\">JBox\u00ae<\/a>) ha permesso alla sua filiale NW Storm di diventare il primo unicorno della<br>transizione energetica. Oggi NW \u00e8 membro della FrenchTech Next 40 e sta sviluppando le<br>sue soluzioni in tutto il mondo, sempre sotto l&#8217;impulso di Jean-Christophe, che rimane<br>presidente esecutivo e azionista di controllo.<\/p>\n","protected":false},"excerpt":{"rendered":"<p>Dopo aver iniziato la sua carriera presso la Compagnie G\u00e9n\u00e9rale des Eaux (Veolia), Jean-Christophe \u00e8 entrato a far parte di SIIF (produzione di energia idroelettrica), dove hatrascorso circa dieci anni come project manager e consulente del Presidente. Nel 2000 \u00e8 entrato a far parte di EDF Energies Nouvelles come Direttore Generale per iterritori francesi d&#8217;oltremare. [&hellip;]<\/p>\n","protected":false},"author":3,"featured_media":0,"parent":0,"menu_order":0,"comment_status":"closed","ping_status":"closed","template":"","meta":{"_acf_changed":false,"footnotes":""},"class_list":["post-2262","page","type-page","status-publish","hentry"],"acf":[],"yoast_head":"<!-- This site is optimized with the Yoast SEO plugin v26.2 - https:\/\/yoast.com\/wordpress\/plugins\/seo\/ -->\n<title>Jean-Christophe Kerdelhu\u00e9, Presidente Esecutivo di NW - NW<\/title>\n<meta name=\"robots\" content=\"index, follow, max-snippet:-1, max-image-preview:large, max-video-preview:-1\" \/>\n<link rel=\"canonical\" href=\"https:\/\/www.nw-groupe.com\/it\/jean-christophe-kerdelhue\/\" \/>\n<meta property=\"og:locale\" content=\"it_IT\" \/>\n<meta property=\"og:type\" content=\"article\" \/>\n<meta property=\"og:title\" content=\"Jean-Christophe Kerdelhu\u00e9, Presidente Esecutivo di NW - NW\" \/>\n<meta property=\"og:description\" content=\"Dopo aver iniziato la sua carriera presso la Compagnie G\u00e9n\u00e9rale des Eaux (Veolia), Jean-Christophe \u00e8 entrato a far parte di SIIF (produzione di energia idroelettrica), dove hatrascorso circa dieci anni come project manager e consulente del Presidente. Nel 2000 \u00e8 entrato a far parte di EDF Energies Nouvelles come Direttore Generale per iterritori francesi d&#8217;oltremare. [&hellip;]\" \/>\n<meta property=\"og:url\" content=\"https:\/\/www.nw-groupe.com\/it\/jean-christophe-kerdelhue\/\" \/>\n<meta property=\"og:site_name\" content=\"NW\" \/>\n<meta property=\"article:modified_time\" content=\"2025-03-11T13:39:18+00:00\" \/>\n<meta name=\"twitter:card\" content=\"summary_large_image\" \/>\n<meta name=\"twitter:label1\" content=\"Est. reading time\" \/>\n\t<meta name=\"twitter:data1\" content=\"2 minuti\" \/>\n<script type=\"application\/ld+json\" class=\"yoast-schema-graph\">{\"@context\":\"https:\/\/schema.org\",\"@graph\":[{\"@type\":\"WebPage\",\"@id\":\"https:\/\/www.nw-groupe.com\/it\/jean-christophe-kerdelhue\/\",\"url\":\"https:\/\/www.nw-groupe.com\/it\/jean-christophe-kerdelhue\/\",\"name\":\"Jean-Christophe Kerdelhu\u00e9, Presidente Esecutivo di NW - NW\",\"isPartOf\":{\"@id\":\"https:\/\/www.nw-groupe.com\/it\/#website\"},\"datePublished\":\"2023-05-11T10:19:13+00:00\",\"dateModified\":\"2025-03-11T13:39:18+00:00\",\"breadcrumb\":{\"@id\":\"https:\/\/www.nw-groupe.com\/it\/jean-christophe-kerdelhue\/#breadcrumb\"},\"inLanguage\":\"it-IT\",\"potentialAction\":[{\"@type\":\"ReadAction\",\"target\":[\"https:\/\/www.nw-groupe.com\/it\/jean-christophe-kerdelhue\/\"]}]},{\"@type\":\"BreadcrumbList\",\"@id\":\"https:\/\/www.nw-groupe.com\/it\/jean-christophe-kerdelhue\/#breadcrumb\",\"itemListElement\":[{\"@type\":\"ListItem\",\"position\":1,\"name\":\"Casa\",\"item\":\"https:\/\/www.nw-groupe.com\/it\/\"},{\"@type\":\"ListItem\",\"position\":2,\"name\":\"Jean-Christophe Kerdelhu\u00e9, Presidente Esecutivo di NW\"}]},{\"@type\":\"WebSite\",\"@id\":\"https:\/\/www.nw-groupe.com\/it\/#website\",\"url\":\"https:\/\/www.nw-groupe.com\/it\/\",\"name\":\"NW\",\"description\":\"\",\"potentialAction\":[{\"@type\":\"SearchAction\",\"target\":{\"@type\":\"EntryPoint\",\"urlTemplate\":\"https:\/\/www.nw-groupe.com\/it\/?s={search_term_string}\"},\"query-input\":{\"@type\":\"PropertyValueSpecification\",\"valueRequired\":true,\"valueName\":\"search_term_string\"}}],\"inLanguage\":\"it-IT\"}]}<\/script>\n<!-- \/ Yoast SEO plugin. -->","yoast_head_json":{"title":"Jean-Christophe Kerdelhu\u00e9, Presidente Esecutivo di NW - NW","robots":{"index":"index","follow":"follow","max-snippet":"max-snippet:-1","max-image-preview":"max-image-preview:large","max-video-preview":"max-video-preview:-1"},"canonical":"https:\/\/www.nw-groupe.com\/it\/jean-christophe-kerdelhue\/","og_locale":"it_IT","og_type":"article","og_title":"Jean-Christophe Kerdelhu\u00e9, Presidente Esecutivo di NW - NW","og_description":"Dopo aver iniziato la sua carriera presso la Compagnie G\u00e9n\u00e9rale des Eaux (Veolia), Jean-Christophe \u00e8 entrato a far parte di SIIF (produzione di energia idroelettrica), dove hatrascorso circa dieci anni come project manager e consulente del Presidente. Nel 2000 \u00e8 entrato a far parte di EDF Energies Nouvelles come Direttore Generale per iterritori francesi d&#8217;oltremare. [&hellip;]","og_url":"https:\/\/www.nw-groupe.com\/it\/jean-christophe-kerdelhue\/","og_site_name":"NW","article_modified_time":"2025-03-11T13:39:18+00:00","twitter_card":"summary_large_image","twitter_misc":{"Est. reading time":"2 minuti"},"schema":{"@context":"https:\/\/schema.org","@graph":[{"@type":"WebPage","@id":"https:\/\/www.nw-groupe.com\/it\/jean-christophe-kerdelhue\/","url":"https:\/\/www.nw-groupe.com\/it\/jean-christophe-kerdelhue\/","name":"Jean-Christophe Kerdelhu\u00e9, Presidente Esecutivo di NW - NW","isPartOf":{"@id":"https:\/\/www.nw-groupe.com\/it\/#website"},"datePublished":"2023-05-11T10:19:13+00:00","dateModified":"2025-03-11T13:39:18+00:00","breadcrumb":{"@id":"https:\/\/www.nw-groupe.com\/it\/jean-christophe-kerdelhue\/#breadcrumb"},"inLanguage":"it-IT","potentialAction":[{"@type":"ReadAction","target":["https:\/\/www.nw-groupe.com\/it\/jean-christophe-kerdelhue\/"]}]},{"@type":"BreadcrumbList","@id":"https:\/\/www.nw-groupe.com\/it\/jean-christophe-kerdelhue\/#breadcrumb","itemListElement":[{"@type":"ListItem","position":1,"name":"Casa","item":"https:\/\/www.nw-groupe.com\/it\/"},{"@type":"ListItem","position":2,"name":"Jean-Christophe Kerdelhu\u00e9, Presidente Esecutivo di NW"}]},{"@type":"WebSite","@id":"https:\/\/www.nw-groupe.com\/it\/#website","url":"https:\/\/www.nw-groupe.com\/it\/","name":"NW","description":"","potentialAction":[{"@type":"SearchAction","target":{"@type":"EntryPoint","urlTemplate":"https:\/\/www.nw-groupe.com\/it\/?s={search_term_string}"},"query-input":{"@type":"PropertyValueSpecification","valueRequired":true,"valueName":"search_term_string"}}],"inLanguage":"it-IT"}]}},"_links":{"self":[{"href":"https:\/\/www.nw-groupe.com\/it\/wp-json\/wp\/v2\/pages\/2262","targetHints":{"allow":["GET"]}}],"collection":[{"href":"https:\/\/www.nw-groupe.com\/it\/wp-json\/wp\/v2\/pages"}],"about":[{"href":"https:\/\/www.nw-groupe.com\/it\/wp-json\/wp\/v2\/types\/page"}],"author":[{"embeddable":true,"href":"https:\/\/www.nw-groupe.com\/it\/wp-json\/wp\/v2\/users\/3"}],"replies":[{"embeddable":true,"href":"https:\/\/www.nw-groupe.com\/it\/wp-json\/wp\/v2\/comments?post=2262"}],"version-history":[{"count":9,"href":"https:\/\/www.nw-groupe.com\/it\/wp-json\/wp\/v2\/pages\/2262\/revisions"}],"predecessor-version":[{"id":3151,"href":"https:\/\/www.nw-groupe.com\/it\/wp-json\/wp\/v2\/pages\/2262\/revisions\/3151"}],"wp:attachment":[{"href":"https:\/\/www.nw-groupe.com\/it\/wp-json\/wp\/v2\/media?parent=2262"}],"curies":[{"name":"wp","href":"https:\/\/api.w.org\/{rel}","templated":true}]}}