{"id":2174,"date":"2023-05-09T22:14:52","date_gmt":"2023-05-09T22:14:52","guid":{"rendered":"https:\/\/www.nw-groupe.com\/nous-rejoindre\/"},"modified":"2025-04-09T14:10:31","modified_gmt":"2025-04-09T14:10:31","slug":"unisciti-a-noi","status":"publish","type":"page","link":"https:\/\/www.nw-groupe.com\/it\/unisciti-a-noi\/","title":{"rendered":"Unisciti a noi"},"content":{"rendered":"","protected":false},"excerpt":{"rendered":"","protected":false},"author":3,"featured_media":0,"parent":0,"menu_order":0,"comment_status":"closed","ping_status":"closed","template":"templates\/career.php","meta":{"_acf_changed":false,"footnotes":""},"class_list":["post-2174","page","type-page","status-publish","hentry"],"acf":[],"yoast_head":"<!-- This site is optimized with the Yoast SEO plugin v26.2 - https:\/\/yoast.com\/wordpress\/plugins\/seo\/ -->\n<title>Unisciti a noi - NW<\/title>\n<meta name=\"description\" content=\"Ensemble, nous contribuons \u00e0 rendre la transition \u00e9nerg\u00e9tique accessible \u00e0 tous, en d\u00e9ployant sur tout le territoire des solutions innovantes de recharge haute puissance de v\u00e9hicules \u00e9lectriques, de stockage r\u00e9parti d\u2019\u00e9lectricit\u00e9, et de microcentrales d\u2019\u00e9nergies renouvelables.\" \/>\n<meta name=\"robots\" content=\"index, follow, max-snippet:-1, max-image-preview:large, max-video-preview:-1\" \/>\n<link rel=\"canonical\" href=\"https:\/\/www.nw-groupe.com\/it\/unisciti-a-noi\/\" \/>\n<meta property=\"og:locale\" content=\"it_IT\" \/>\n<meta property=\"og:type\" content=\"article\" \/>\n<meta property=\"og:title\" content=\"Nous rejoindre - NW\" \/>\n<meta property=\"og:description\" content=\"Ensemble, nous contribuons \u00e0 rendre la transition \u00e9nerg\u00e9tique accessible \u00e0 tous, en d\u00e9ployant sur tout le territoire des solutions innovantes de recharge haute puissance de v\u00e9hicules \u00e9lectriques, de stockage diffus d\u2019\u00e9lectricit\u00e9, et de microcentrales d\u2019\u00e9nergies renouvelables.\" \/>\n<meta property=\"og:url\" content=\"https:\/\/www.nw-groupe.com\/it\/unisciti-a-noi\/\" \/>\n<meta property=\"og:site_name\" content=\"NW\" \/>\n<meta property=\"article:modified_time\" content=\"2025-04-09T14:10:31+00:00\" \/>\n<meta property=\"og:image\" content=\"https:\/\/www.nw-groupe.com\/wp-content\/uploads\/2023\/05\/recrutement.jpg\" \/>\n\t<meta property=\"og:image:width\" content=\"904\" \/>\n\t<meta property=\"og:image:height\" content=\"604\" \/>\n\t<meta property=\"og:image:type\" content=\"image\/jpeg\" \/>\n<meta name=\"twitter:card\" content=\"summary_large_image\" \/>\n<meta name=\"twitter:title\" content=\"Nous rejoindre - NW\" \/>\n<meta name=\"twitter:description\" content=\"Ensemble, nous contribuons \u00e0 rendre la transition \u00e9nerg\u00e9tique accessible \u00e0 tous, en d\u00e9ployant sur tout le territoire des solutions innovantes de recharge haute puissance de v\u00e9hicules \u00e9lectriques, de stockage diffus d\u2019\u00e9lectricit\u00e9, et de microcentrales d\u2019\u00e9nergies renouvelables.\" \/>\n<meta name=\"twitter:image\" content=\"https:\/\/www.nw-groupe.com\/wp-content\/uploads\/2023\/05\/recrutement.jpg\" \/>\n<script type=\"application\/ld+json\" class=\"yoast-schema-graph\">{\"@context\":\"https:\/\/schema.org\",\"@graph\":[{\"@type\":\"WebPage\",\"@id\":\"https:\/\/www.nw-groupe.com\/it\/unisciti-a-noi\/\",\"url\":\"https:\/\/www.nw-groupe.com\/it\/unisciti-a-noi\/\",\"name\":\"Unisciti a noi - NW\",\"isPartOf\":{\"@id\":\"https:\/\/www.nw-groupe.com\/it\/#website\"},\"datePublished\":\"2023-05-09T22:14:52+00:00\",\"dateModified\":\"2025-04-09T14:10:31+00:00\",\"description\":\"Ensemble, nous contribuons \u00e0 rendre la transition \u00e9nerg\u00e9tique accessible \u00e0 tous, en d\u00e9ployant sur tout le territoire des solutions innovantes de recharge haute puissance de v\u00e9hicules \u00e9lectriques, de stockage r\u00e9parti d\u2019\u00e9lectricit\u00e9, et de microcentrales d\u2019\u00e9nergies renouvelables.\",\"breadcrumb\":{\"@id\":\"https:\/\/www.nw-groupe.com\/it\/unisciti-a-noi\/#breadcrumb\"},\"inLanguage\":\"it-IT\",\"potentialAction\":[{\"@type\":\"ReadAction\",\"target\":[\"https:\/\/www.nw-groupe.com\/it\/unisciti-a-noi\/\"]}]},{\"@type\":\"BreadcrumbList\",\"@id\":\"https:\/\/www.nw-groupe.com\/it\/unisciti-a-noi\/#breadcrumb\",\"itemListElement\":[{\"@type\":\"ListItem\",\"position\":1,\"name\":\"Casa\",\"item\":\"https:\/\/www.nw-groupe.com\/it\/\"},{\"@type\":\"ListItem\",\"position\":2,\"name\":\"Unisciti a noi\"}]},{\"@type\":\"WebSite\",\"@id\":\"https:\/\/www.nw-groupe.com\/it\/#website\",\"url\":\"https:\/\/www.nw-groupe.com\/it\/\",\"name\":\"NW\",\"description\":\"\",\"potentialAction\":[{\"@type\":\"SearchAction\",\"target\":{\"@type\":\"EntryPoint\",\"urlTemplate\":\"https:\/\/www.nw-groupe.com\/it\/?s={search_term_string}\"},\"query-input\":{\"@type\":\"PropertyValueSpecification\",\"valueRequired\":true,\"valueName\":\"search_term_string\"}}],\"inLanguage\":\"it-IT\"}]}<\/script>\n<!-- \/ Yoast SEO plugin. -->","yoast_head_json":{"title":"Unisciti a noi - NW","description":"Ensemble, nous contribuons \u00e0 rendre la transition \u00e9nerg\u00e9tique accessible \u00e0 tous, en d\u00e9ployant sur tout le territoire des solutions innovantes de recharge haute puissance de v\u00e9hicules \u00e9lectriques, de stockage r\u00e9parti d\u2019\u00e9lectricit\u00e9, et de microcentrales d\u2019\u00e9nergies renouvelables.","robots":{"index":"index","follow":"follow","max-snippet":"max-snippet:-1","max-image-preview":"max-image-preview:large","max-video-preview":"max-video-preview:-1"},"canonical":"https:\/\/www.nw-groupe.com\/it\/unisciti-a-noi\/","og_locale":"it_IT","og_type":"article","og_title":"Nous rejoindre - NW","og_description":"Ensemble, nous contribuons \u00e0 rendre la transition \u00e9nerg\u00e9tique accessible \u00e0 tous, en d\u00e9ployant sur tout le territoire des solutions innovantes de recharge haute puissance de v\u00e9hicules \u00e9lectriques, de stockage diffus d\u2019\u00e9lectricit\u00e9, et de microcentrales d\u2019\u00e9nergies renouvelables.","og_url":"https:\/\/www.nw-groupe.com\/it\/unisciti-a-noi\/","og_site_name":"NW","article_modified_time":"2025-04-09T14:10:31+00:00","og_image":[{"width":904,"height":604,"url":"https:\/\/www.nw-groupe.com\/wp-content\/uploads\/2023\/05\/recrutement.jpg","type":"image\/jpeg"}],"twitter_card":"summary_large_image","twitter_title":"Nous rejoindre - NW","twitter_description":"Ensemble, nous contribuons \u00e0 rendre la transition \u00e9nerg\u00e9tique accessible \u00e0 tous, en d\u00e9ployant sur tout le territoire des solutions innovantes de recharge haute puissance de v\u00e9hicules \u00e9lectriques, de stockage diffus d\u2019\u00e9lectricit\u00e9, et de microcentrales d\u2019\u00e9nergies renouvelables.","twitter_image":"https:\/\/www.nw-groupe.com\/wp-content\/uploads\/2023\/05\/recrutement.jpg","schema":{"@context":"https:\/\/schema.org","@graph":[{"@type":"WebPage","@id":"https:\/\/www.nw-groupe.com\/it\/unisciti-a-noi\/","url":"https:\/\/www.nw-groupe.com\/it\/unisciti-a-noi\/","name":"Unisciti a noi - NW","isPartOf":{"@id":"https:\/\/www.nw-groupe.com\/it\/#website"},"datePublished":"2023-05-09T22:14:52+00:00","dateModified":"2025-04-09T14:10:31+00:00","description":"Ensemble, nous contribuons \u00e0 rendre la transition \u00e9nerg\u00e9tique accessible \u00e0 tous, en d\u00e9ployant sur tout le territoire des solutions innovantes de recharge haute puissance de v\u00e9hicules \u00e9lectriques, de stockage r\u00e9parti d\u2019\u00e9lectricit\u00e9, et de microcentrales d\u2019\u00e9nergies renouvelables.","breadcrumb":{"@id":"https:\/\/www.nw-groupe.com\/it\/unisciti-a-noi\/#breadcrumb"},"inLanguage":"it-IT","potentialAction":[{"@type":"ReadAction","target":["https:\/\/www.nw-groupe.com\/it\/unisciti-a-noi\/"]}]},{"@type":"BreadcrumbList","@id":"https:\/\/www.nw-groupe.com\/it\/unisciti-a-noi\/#breadcrumb","itemListElement":[{"@type":"ListItem","position":1,"name":"Casa","item":"https:\/\/www.nw-groupe.com\/it\/"},{"@type":"ListItem","position":2,"name":"Unisciti a noi"}]},{"@type":"WebSite","@id":"https:\/\/www.nw-groupe.com\/it\/#website","url":"https:\/\/www.nw-groupe.com\/it\/","name":"NW","description":"","potentialAction":[{"@type":"SearchAction","target":{"@type":"EntryPoint","urlTemplate":"https:\/\/www.nw-groupe.com\/it\/?s={search_term_string}"},"query-input":{"@type":"PropertyValueSpecification","valueRequired":true,"valueName":"search_term_string"}}],"inLanguage":"it-IT"}]}},"_links":{"self":[{"href":"https:\/\/www.nw-groupe.com\/it\/wp-json\/wp\/v2\/pages\/2174","targetHints":{"allow":["GET"]}}],"collection":[{"href":"https:\/\/www.nw-groupe.com\/it\/wp-json\/wp\/v2\/pages"}],"about":[{"href":"https:\/\/www.nw-groupe.com\/it\/wp-json\/wp\/v2\/types\/page"}],"author":[{"embeddable":true,"href":"https:\/\/www.nw-groupe.com\/it\/wp-json\/wp\/v2\/users\/3"}],"replies":[{"embeddable":true,"href":"https:\/\/www.nw-groupe.com\/it\/wp-json\/wp\/v2\/comments?post=2174"}],"version-history":[{"count":16,"href":"https:\/\/www.nw-groupe.com\/it\/wp-json\/wp\/v2\/pages\/2174\/revisions"}],"predecessor-version":[{"id":3177,"href":"https:\/\/www.nw-groupe.com\/it\/wp-json\/wp\/v2\/pages\/2174\/revisions\/3177"}],"wp:attachment":[{"href":"https:\/\/www.nw-groupe.com\/it\/wp-json\/wp\/v2\/media?parent=2174"}],"curies":[{"name":"wp","href":"https:\/\/api.w.org\/{rel}","templated":true}]}}