{"id":324,"date":"2023-05-11T10:19:13","date_gmt":"2023-05-11T10:19:13","guid":{"rendered":"https:\/\/www.nw-groupe.com\/?page_id=324"},"modified":"2025-03-11T13:35:44","modified_gmt":"2025-03-11T13:35:44","slug":"jean-christophe-kerdelhue-president-executif-fondateur-de-nw","status":"publish","type":"page","link":"https:\/\/www.nw-groupe.com\/fr\/jean-christophe-kerdelhue-president-executif-fondateur-de-nw\/","title":{"rendered":"Jean-Christophe Kerdelhu\u00e9, Pr\u00e9sident Ex\u00e9cutif de NW"},"content":{"rendered":"\n<div class=\"c-article__full\">\n  <div class=\"c-page-head\">\n    <div class=\"c-page-head__inner\">\n            <h1 class=\"c-page-head__title\">Jean-Christophe Kerdelhu\u00e9, Pr\u00e9sident Ex\u00e9cutif de NW<\/h1>\n                  <div class=\"c-page-head__intro\">\n        <p class=\"p1\"><span class=\"s1\">Jean-Christophe Kerdelhu\u00e9 est un entrepreneur fran\u00e7ais disposant de plus de 35 ans d&rsquo;exp\u00e9rience professionnelle dans le domaine de l\u2019\u00e9nergie.<\/span><\/p>\n      <\/div>\n          <\/div>\n      <\/div>\n<\/div>\n\n\n\n<p>Apr\u00e8s un d\u00e9but de carri\u00e8re au&nbsp; sein de la Compagnie G\u00e9n\u00e9rale des Eaux (Veolia), Jean-Christophe rejoint la Soci\u00e9t\u00e9 SIIF&nbsp; (production d\u2019\u00e9lectricit\u00e9 hydraulique), o\u00f9 il&nbsp;reste une dizaine d\u2019ann\u00e9es en tant que directeur de projet et conseiller du pr\u00e9sident.&nbsp;<\/p>\n\n\n\n<p>En 2000, c\u2019est en tant que directeur g\u00e9n\u00e9ral des territoires d&rsquo;outre-mer qu\u2019il rejoint EDF Energies Nouvelles. Ce poste lui permet de se sp\u00e9cialiser dans la production d\u2019\u00e9lectricit\u00e9 issue d\u2019\u00e9nergies renouvelables (hydraulique, solaire thermique et \u00e9olien), tout en se confrontant aux sp\u00e9cificit\u00e9s territoriales des Antilles fran\u00e7aises (Guadeloupe, Saint Barth\u00e9l\u00e9my, Saint Martin, Martinique), de la Guyane fran\u00e7aise et de la R\u00e9union. C\u2019est aussi l\u2019occasion de se d\u00e9couvrir une passion, qui ne le quittera plus : rendre la transition \u00e9nerg\u00e9tique accessible \u00e0 tous.&nbsp;<\/p>\n\n\n\n<figure class=\"c-fullquote c-fullquote--no-thumb\">\n    <blockquote>\n    <p>\n      La raison la plus motivante de travailler se trouve dans le plaisir que l\u2019on y trouve, dans le plaisir du r\u00e9sultat atteint et dans la connaissance de la valeur de ce r\u00e9sultat pour la communaut\u00e9\u201d\n    <\/p>\n  <\/blockquote>\n  <figcaption><strong>Albert Einstein<\/strong> <\/figcaption>\n<\/figure>\n\n\n\n<p>En 2007, Jean-Christophe fonde sa propre entreprise, <a href=\"https:\/\/www.nw-groupe.com\/qui-sommes-nous\/\">NW<\/a>. Dans un premier temps, celle-ci se concentre sur l\u2019exploitation et le d\u00e9veloppement de sites de production d\u2019\u00e9lectricit\u00e9 nouvelle. Puis ses activit\u00e9s se diversifient, notamment dans le domaine hautement strat\u00e9gique du stockage d\u2019\u00e9lectricit\u00e9 sur lequel NW est pionnier. Coupl\u00e9e \u00e0 une solution de recharge haute puissance pour v\u00e9hicules \u00e9lectriques (<a href=\"https:\/\/www.nw-groupe.com\/solution\/iecharge\/\">IECharge\u00ae<\/a>), cette solution de stockage diffus (<a href=\"https:\/\/www.nw-groupe.com\/solution\/jbox\/\">JBox\u00ae<\/a>) permet \u00e0 sa filiale NW Storm de devenir la premi\u00e8re licorne de la transition \u00e9nerg\u00e9tique. Aujourd\u2019hui, NW fait partie du Next 40 de la FrenchTech, et d\u00e9veloppe ses solutions partout dans le monde, toujours sous l\u2019impulsion de Jean-Christophe qui en reste le Pr\u00e9sident Ex\u00e9cutif et l\u2019actionnaire de contr\u00f4le.\u00a0<\/p>\n","protected":false},"excerpt":{"rendered":"<p>Apr\u00e8s un d\u00e9but de carri\u00e8re au&nbsp; sein de la Compagnie G\u00e9n\u00e9rale des Eaux (Veolia), Jean-Christophe rejoint la Soci\u00e9t\u00e9 SIIF&nbsp; (production d\u2019\u00e9lectricit\u00e9 hydraulique), o\u00f9 il&nbsp;reste une dizaine d\u2019ann\u00e9es en tant que directeur de projet et conseiller du pr\u00e9sident.&nbsp; En 2000, c\u2019est en tant que directeur g\u00e9n\u00e9ral des territoires d&rsquo;outre-mer qu\u2019il rejoint EDF Energies Nouvelles. Ce poste [&hellip;]<\/p>\n","protected":false},"author":3,"featured_media":0,"parent":0,"menu_order":0,"comment_status":"closed","ping_status":"closed","template":"","meta":{"_acf_changed":false,"footnotes":""},"class_list":["post-324","page","type-page","status-publish","hentry"],"acf":[],"yoast_head":"<!-- This site is optimized with the Yoast SEO plugin v26.2 - https:\/\/yoast.com\/wordpress\/plugins\/seo\/ -->\n<title>Jean-Christophe Kerdelhu\u00e9, Pr\u00e9sident Ex\u00e9cutif de NW - NW<\/title>\n<meta name=\"robots\" content=\"index, follow, max-snippet:-1, max-image-preview:large, max-video-preview:-1\" \/>\n<link rel=\"canonical\" href=\"https:\/\/www.nw-groupe.com\/fr\/jean-christophe-kerdelhue-president-executif-fondateur-de-nw\/\" \/>\n<meta property=\"og:locale\" content=\"fr_FR\" \/>\n<meta property=\"og:type\" content=\"article\" \/>\n<meta property=\"og:title\" content=\"Jean-Christophe Kerdelhu\u00e9, Pr\u00e9sident Ex\u00e9cutif de NW - NW\" \/>\n<meta property=\"og:description\" content=\"Apr\u00e8s un d\u00e9but de carri\u00e8re au&nbsp; sein de la Compagnie G\u00e9n\u00e9rale des Eaux (Veolia), Jean-Christophe rejoint la Soci\u00e9t\u00e9 SIIF&nbsp; (production d\u2019\u00e9lectricit\u00e9 hydraulique), o\u00f9 il&nbsp;reste une dizaine d\u2019ann\u00e9es en tant que directeur de projet et conseiller du pr\u00e9sident.&nbsp; En 2000, c\u2019est en tant que directeur g\u00e9n\u00e9ral des territoires d&rsquo;outre-mer qu\u2019il rejoint EDF Energies Nouvelles. Ce poste [&hellip;]\" \/>\n<meta property=\"og:url\" content=\"https:\/\/www.nw-groupe.com\/fr\/jean-christophe-kerdelhue-president-executif-fondateur-de-nw\/\" \/>\n<meta property=\"og:site_name\" content=\"NW\" \/>\n<meta property=\"article:modified_time\" content=\"2025-03-11T13:35:44+00:00\" \/>\n<meta name=\"twitter:card\" content=\"summary_large_image\" \/>\n<meta name=\"twitter:label1\" content=\"Est. reading time\" \/>\n\t<meta name=\"twitter:data1\" content=\"2 minutes\" \/>\n<script type=\"application\/ld+json\" class=\"yoast-schema-graph\">{\"@context\":\"https:\/\/schema.org\",\"@graph\":[{\"@type\":\"WebPage\",\"@id\":\"https:\/\/www.nw-groupe.com\/fr\/jean-christophe-kerdelhue-president-executif-fondateur-de-nw\/\",\"url\":\"https:\/\/www.nw-groupe.com\/fr\/jean-christophe-kerdelhue-president-executif-fondateur-de-nw\/\",\"name\":\"Jean-Christophe Kerdelhu\u00e9, Pr\u00e9sident Ex\u00e9cutif de NW - NW\",\"isPartOf\":{\"@id\":\"https:\/\/www.nw-groupe.com\/fr\/#website\"},\"datePublished\":\"2023-05-11T10:19:13+00:00\",\"dateModified\":\"2025-03-11T13:35:44+00:00\",\"breadcrumb\":{\"@id\":\"https:\/\/www.nw-groupe.com\/fr\/jean-christophe-kerdelhue-president-executif-fondateur-de-nw\/#breadcrumb\"},\"inLanguage\":\"fr-FR\",\"potentialAction\":[{\"@type\":\"ReadAction\",\"target\":[\"https:\/\/www.nw-groupe.com\/fr\/jean-christophe-kerdelhue-president-executif-fondateur-de-nw\/\"]}]},{\"@type\":\"BreadcrumbList\",\"@id\":\"https:\/\/www.nw-groupe.com\/fr\/jean-christophe-kerdelhue-president-executif-fondateur-de-nw\/#breadcrumb\",\"itemListElement\":[{\"@type\":\"ListItem\",\"position\":1,\"name\":\"Accueil\",\"item\":\"https:\/\/www.nw-groupe.com\/fr\/\"},{\"@type\":\"ListItem\",\"position\":2,\"name\":\"Jean-Christophe Kerdelhu\u00e9, Pr\u00e9sident Ex\u00e9cutif de NW\"}]},{\"@type\":\"WebSite\",\"@id\":\"https:\/\/www.nw-groupe.com\/fr\/#website\",\"url\":\"https:\/\/www.nw-groupe.com\/fr\/\",\"name\":\"NW\",\"description\":\"\",\"potentialAction\":[{\"@type\":\"SearchAction\",\"target\":{\"@type\":\"EntryPoint\",\"urlTemplate\":\"https:\/\/www.nw-groupe.com\/fr\/?s={search_term_string}\"},\"query-input\":{\"@type\":\"PropertyValueSpecification\",\"valueRequired\":true,\"valueName\":\"search_term_string\"}}],\"inLanguage\":\"fr-FR\"}]}<\/script>\n<!-- \/ Yoast SEO plugin. -->","yoast_head_json":{"title":"Jean-Christophe Kerdelhu\u00e9, Pr\u00e9sident Ex\u00e9cutif de NW - NW","robots":{"index":"index","follow":"follow","max-snippet":"max-snippet:-1","max-image-preview":"max-image-preview:large","max-video-preview":"max-video-preview:-1"},"canonical":"https:\/\/www.nw-groupe.com\/fr\/jean-christophe-kerdelhue-president-executif-fondateur-de-nw\/","og_locale":"fr_FR","og_type":"article","og_title":"Jean-Christophe Kerdelhu\u00e9, Pr\u00e9sident Ex\u00e9cutif de NW - NW","og_description":"Apr\u00e8s un d\u00e9but de carri\u00e8re au&nbsp; sein de la Compagnie G\u00e9n\u00e9rale des Eaux (Veolia), Jean-Christophe rejoint la Soci\u00e9t\u00e9 SIIF&nbsp; (production d\u2019\u00e9lectricit\u00e9 hydraulique), o\u00f9 il&nbsp;reste une dizaine d\u2019ann\u00e9es en tant que directeur de projet et conseiller du pr\u00e9sident.&nbsp; En 2000, c\u2019est en tant que directeur g\u00e9n\u00e9ral des territoires d&rsquo;outre-mer qu\u2019il rejoint EDF Energies Nouvelles. Ce poste [&hellip;]","og_url":"https:\/\/www.nw-groupe.com\/fr\/jean-christophe-kerdelhue-president-executif-fondateur-de-nw\/","og_site_name":"NW","article_modified_time":"2025-03-11T13:35:44+00:00","twitter_card":"summary_large_image","twitter_misc":{"Est. reading time":"2 minutes"},"schema":{"@context":"https:\/\/schema.org","@graph":[{"@type":"WebPage","@id":"https:\/\/www.nw-groupe.com\/fr\/jean-christophe-kerdelhue-president-executif-fondateur-de-nw\/","url":"https:\/\/www.nw-groupe.com\/fr\/jean-christophe-kerdelhue-president-executif-fondateur-de-nw\/","name":"Jean-Christophe Kerdelhu\u00e9, Pr\u00e9sident Ex\u00e9cutif de NW - NW","isPartOf":{"@id":"https:\/\/www.nw-groupe.com\/fr\/#website"},"datePublished":"2023-05-11T10:19:13+00:00","dateModified":"2025-03-11T13:35:44+00:00","breadcrumb":{"@id":"https:\/\/www.nw-groupe.com\/fr\/jean-christophe-kerdelhue-president-executif-fondateur-de-nw\/#breadcrumb"},"inLanguage":"fr-FR","potentialAction":[{"@type":"ReadAction","target":["https:\/\/www.nw-groupe.com\/fr\/jean-christophe-kerdelhue-president-executif-fondateur-de-nw\/"]}]},{"@type":"BreadcrumbList","@id":"https:\/\/www.nw-groupe.com\/fr\/jean-christophe-kerdelhue-president-executif-fondateur-de-nw\/#breadcrumb","itemListElement":[{"@type":"ListItem","position":1,"name":"Accueil","item":"https:\/\/www.nw-groupe.com\/fr\/"},{"@type":"ListItem","position":2,"name":"Jean-Christophe Kerdelhu\u00e9, Pr\u00e9sident Ex\u00e9cutif de NW"}]},{"@type":"WebSite","@id":"https:\/\/www.nw-groupe.com\/fr\/#website","url":"https:\/\/www.nw-groupe.com\/fr\/","name":"NW","description":"","potentialAction":[{"@type":"SearchAction","target":{"@type":"EntryPoint","urlTemplate":"https:\/\/www.nw-groupe.com\/fr\/?s={search_term_string}"},"query-input":{"@type":"PropertyValueSpecification","valueRequired":true,"valueName":"search_term_string"}}],"inLanguage":"fr-FR"}]}},"_links":{"self":[{"href":"https:\/\/www.nw-groupe.com\/fr\/wp-json\/wp\/v2\/pages\/324","targetHints":{"allow":["GET"]}}],"collection":[{"href":"https:\/\/www.nw-groupe.com\/fr\/wp-json\/wp\/v2\/pages"}],"about":[{"href":"https:\/\/www.nw-groupe.com\/fr\/wp-json\/wp\/v2\/types\/page"}],"author":[{"embeddable":true,"href":"https:\/\/www.nw-groupe.com\/fr\/wp-json\/wp\/v2\/users\/3"}],"replies":[{"embeddable":true,"href":"https:\/\/www.nw-groupe.com\/fr\/wp-json\/wp\/v2\/comments?post=324"}],"version-history":[{"count":6,"href":"https:\/\/www.nw-groupe.com\/fr\/wp-json\/wp\/v2\/pages\/324\/revisions"}],"predecessor-version":[{"id":3146,"href":"https:\/\/www.nw-groupe.com\/fr\/wp-json\/wp\/v2\/pages\/324\/revisions\/3146"}],"wp:attachment":[{"href":"https:\/\/www.nw-groupe.com\/fr\/wp-json\/wp\/v2\/media?parent=324"}],"curies":[{"name":"wp","href":"https:\/\/api.w.org\/{rel}","templated":true}]}}