{"id":3,"date":"2023-02-02T14:24:43","date_gmt":"2023-02-02T14:24:43","guid":{"rendered":"https:\/\/www.nw-groupe.com\/?page_id=3"},"modified":"2025-12-09T15:16:47","modified_gmt":"2025-12-09T15:16:47","slug":"politique-de-confidentialite","status":"publish","type":"page","link":"https:\/\/www.nw-groupe.com\/fr\/politique-de-confidentialite\/","title":{"rendered":"Politique de confidentialit\u00e9"},"content":{"rendered":"\n<h1 class=\"wp-block-heading\"><strong>Politique de confidentialit\u00e9<\/strong><\/h1>\n\n\n\n<h2 class=\"wp-block-heading\">Qui sommes-nous ?<\/h2>\n\n\n\n<p>La soci\u00e9t\u00e9 NW SERVICES (ci-apr\u00e8s \u00ab&nbsp;<strong>NW SERVICES<\/strong>&nbsp;\u00bb), \u00e9dite le site internet&nbsp;<a href=\"https:\/\/nw-groupe.com\/\" target=\"_blank\" rel=\"noreferrer noopener\">https:\/\/nw-groupe.com\/<\/a>&nbsp;(ci-apr\u00e8s le \u00ab&nbsp;<strong>Site<\/strong>&nbsp;\u00bb). Dans ce cadre, NW SERVICES est susceptible de traiter des donn\u00e9es \u00e0 caract\u00e8re personnel collect\u00e9es \u00e0 l\u2019occasion de l\u2019utilisation du Site par les utilisateurs.<\/p>\n\n\n\n<p>NW SERVICES place la protection des donn\u00e9es \u00e0 caract\u00e8re personnel au c\u0153ur de ses pr\u00e9occupations et cette Politique de confidentialit\u00e9 a pour objectif de vous informer sur nos pratiques concernant la collecte, l\u2019utilisation et le partage des donn\u00e9es que nous traitons en qualit\u00e9 de responsable de traitement.<\/p>\n\n\n\n<h2 class=\"wp-block-heading\">R\u00e9glementation<\/h2>\n\n\n\n<p>NW SERVICES respecte l\u2019ensemble des r\u00e9glementations fran\u00e7aises et europ\u00e9ennes en mati\u00e8re de protection des donn\u00e9es \u00e0 caract\u00e8re personnel et de vie priv\u00e9e, et notamment le r\u00e8glement g\u00e9n\u00e9ral sur la protection des donn\u00e9es CE 2016\/679 du 27 avril 2016 (\u00ab&nbsp;<strong>RGPD<\/strong>&nbsp;\u00bb) et la Loi n\u00b0 78-17 du 6 janvier 1978 relative \u00e0 l&rsquo;informatique, aux fichiers et aux libert\u00e9s modifi\u00e9e (la loi \u00ab&nbsp;<strong>Informatique et Libert\u00e9s<\/strong>&nbsp;\u00bb).<\/p>\n\n\n\n<p>La pr\u00e9sente Politique peut \u00eatre modifi\u00e9e \u00e0 tout moment en fonction des \u00e9volutions l\u00e9gales ou jurisprudentielles, des d\u00e9cisions et recommandations de la CNIL ou des usages. Toute nouvelle version de la Politique de confidentialit\u00e9 sera imm\u00e9diatement rendue accessible sur le Site.<\/p>\n\n\n\n<p>Au titre des pr\u00e9sentes, les termes utilis\u00e9s ont la d\u00e9finition qui leur est donn\u00e9e au sein de l\u2019article 4 du RGPD.<\/p>\n\n\n\n<h2 class=\"wp-block-heading\">Nous contacter<\/h2>\n\n\n\n<p>Si vous souhaitez contacter NW SERVICES, vous pouvez :<\/p>\n\n\n\n<ul class=\"wp-block-list\">\n<li>envoyer un courriel \u00e0 l\u2019adresse : contact@nw-groupe.com<\/li>\n\n\n\n<li>envoyer un courrier \u00e0 l\u2019adresse : 31 avenue Bosquet, 75007 Paris<\/li>\n\n\n\n<li>appeler au : +33 (0)1.83.75.17.77<\/li>\n<\/ul>\n\n\n\n<p>Une r\u00e9ponse vous sera apport\u00e9e le plus rapidement possible.<\/p>\n\n\n\n<h2 class=\"wp-block-heading\">Quelles sont les donn\u00e9es trait\u00e9es et pour quelles finalit\u00e9s ?<\/h2>\n\n\n\n<p>Le traitement de donn\u00e9es a pour objet la gestion du Site \u00e9dit\u00e9 par NW SERVICES.<\/p>\n\n\n\n<p>Les donn\u00e9es trait\u00e9es par NW SERVICES sont collect\u00e9es directement aupr\u00e8s de vous et ne sont utilis\u00e9es que pour les finalit\u00e9s d\u00e9crites ci-dessous. Les donn\u00e9es collect\u00e9es correspondent principalement aux donn\u00e9es que vous transmettez lorsque vous nous adressez une demande ou une candidature.<\/p>\n\n\n\n<p>Le cas \u00e9ch\u00e9ant, le caract\u00e8re obligatoire ou facultatif des donn\u00e9es collect\u00e9es et les \u00e9ventuelles cons\u00e9quences d&rsquo;un d\u00e9faut de r\u00e9ponse sont pr\u00e9cis\u00e9s au moment de leur collecte, notamment lorsque NW SERVICES a besoin d\u2019informations compl\u00e9mentaires pour r\u00e9pondre \u00e0 votre demande.<\/p>\n\n\n\n<p>NW SERVICES, en tant que responsable de traitement de vos donn\u00e9es, les utilise pour :<\/p>\n\n\n\n<ul class=\"wp-block-list\">\n<li>Int\u00e9r\u00eat l\u00e9gitime de NW SERVICES :\n<ul class=\"wp-block-list\">\n<li>Administrer techniquement et am\u00e9liorer le Site (Donn\u00e9es de connexion) ;<\/li>\n\n\n\n<li>R\u00e9aliser des statistiques d\u2019audience et d\u2019utilisation du Site (Donn\u00e9es de connexion) ;<\/li>\n\n\n\n<li>R\u00e9pondre aux demandes de contact (Identit\u00e9 et coordonn\u00e9es) ;<\/li>\n\n\n\n<li>Assurer la s\u00e9curit\u00e9 du Site (Donn\u00e9es de connexion) ;<\/li>\n\n\n\n<li>Garantir la d\u00e9fense de nos droits (Identit\u00e9 et coordonn\u00e9es).<\/li>\n<\/ul>\n<\/li>\n\n\n\n<li>Ex\u00e9cution de mesures pr\u00e9contractuelles :\n<ul class=\"wp-block-list\">\n<li>R\u00e9ception et classement des candidatures (Identit\u00e9, coordonn\u00e9es, vie professionnelle).<\/li>\n<\/ul>\n<\/li>\n\n\n\n<li>Consentement :\n<ul class=\"wp-block-list\">\n<li>Constitution d\u2019une CVth\u00e8que (Vie professionnelle).<\/li>\n<\/ul>\n<\/li>\n\n\n\n<li>Obligations l\u00e9gales :\n<ul class=\"wp-block-list\">\n<li>Garantir l\u2019exercice de vos droits (Identit\u00e9, carte nationale d\u2019identit\u00e9 si n\u00e9cessaire, coordonn\u00e9es et contexte de la demande).<\/li>\n<\/ul>\n<\/li>\n<\/ul>\n\n\n\n<p>NW SERVICES utilise des cookies sur le Site, toutes les informations \u00e0 ce sujet sont fournies ci-apr\u00e8s, dans la Politique cookies.<\/p>\n\n\n\n<h2 class=\"wp-block-heading\">Destinataires de vos donn\u00e9es et transferts<\/h2>\n\n\n\n<p>NW SERVICES traite vos donn\u00e9es pour son propre compte et de mani\u00e8re confidentielle. Ainsi, vos donn\u00e9es sont susceptibles d\u2019\u00eatre transmises \u00e0 nos services internes autoris\u00e9s \u00e0 en conna\u00eetre au regard de leurs fonctions et \u00e0 nos prestataires autoris\u00e9s.<\/p>\n\n\n\n<p>NW SERVICES a mis en place des mesures techniques et organisationnelles permettant de prot\u00e9ger l\u2019int\u00e9grit\u00e9, la disponibilit\u00e9 et la confidentialit\u00e9 de vos donn\u00e9es de fa\u00e7on appropri\u00e9e selon leur nature, leur traitement et leur accessibilit\u00e9.<\/p>\n\n\n\n<p>En fonction de vos demandes, et pour y r\u00e9pondre au mieux, vos donn\u00e9es sont susceptibles d\u2019\u00eatre transmises et trait\u00e9es par les autres soci\u00e9t\u00e9s du Groupe NW. Dans ce cas, vos donn\u00e9es sont trait\u00e9es selon les m\u00eames modalit\u00e9s que lorsqu\u2019elles sont trait\u00e9es par NW SERVICES et les informations concernant ces traitements vous sont fournies dans la pr\u00e9sente Politique de confidentialit\u00e9, conform\u00e9ment aux dispositions de l\u2019article 14, 5. a) du RGPD.<\/p>\n\n\n\n<p>Vos donn\u00e9es peuvent \u00e9galement \u00eatre transmises \u00e0 des destinataires externes : les prestataires ou services support de NW SERVICES. Dans certains cas pr\u00e9vus par la loi, vos donn\u00e9es pourront \u00eatre transmises \u00e0 des tiers habilit\u00e9s l\u00e9galement \u00e0 y acc\u00e9der sur requ\u00eate sp\u00e9cifique (autorit\u00e9 judiciaire, autorit\u00e9 administrative, etc.). Nous pourrons aussi \u00eatre amen\u00e9s \u00e0 communiquer vos donn\u00e9es \u00e0 des tiers si une telle mesure est n\u00e9cessaire pour prot\u00e9ger et\/ou d\u00e9fendre nos droits ou pour faire respecter les pr\u00e9sentes dispositions.<\/p>\n\n\n\n<p>Nous ne transmettons pas vos donn\u00e9es \u00e0 des tiers non autoris\u00e9s.<\/p>\n\n\n\n<p>Vos donn\u00e9es sont h\u00e9berg\u00e9es sur le territoire de l\u2019Union europ\u00e9enne et ne sont pas transf\u00e9r\u00e9es en dehors de ce territoire. Toutefois, dans le cas o\u00f9 vos donn\u00e9es devaient \u00eatre transf\u00e9r\u00e9es hors de l\u2019Espace \u00e9conomique europ\u00e9en, des garanties appropri\u00e9es seraient mises en place, conform\u00e9ment au chapitre V du RGPD.<\/p>\n\n\n\n<h2 class=\"wp-block-heading\">Quelle est la dur\u00e9e de conservation de vos donn\u00e9es ?<\/h2>\n\n\n\n<div class=\"o-table-responsive\">\n          <table>\n            <tr>\n              <th scope=\"col\">Finalit\u00e9<\/th>\n              <th scope=\"col\">Dur\u00e9e de conservation<\/th>\n            <\/tr>\n            <tr>\n              <td>Administrer techniquement et am\u00e9liorer le Site<\/td>\n              <td>25 mois<\/td>\n            <\/tr>\n            <tr>\n              <td>R\u00e9pondre aux demandes de contact <\/td>\n              <td>Dur\u00e9e strictement n\u00e9cessaire pour r\u00e9pondre \u00e0 la demande<\/td>\n            <\/tr>\n            <tr>\n              <td>R\u00e9aliser des statistiques d\u2019audience et d\u2019utilisation du Site<\/td>\n              <td>25 mois<\/td>\n            <\/tr>\n            <tr>\n              <td>Assurer la s\u00e9curit\u00e9 du Site<\/td>\n              <td>Dur\u00e9e n\u00e9cessaire pour assurer la s\u00e9curit\u00e9 du Site 6 mois pour les logs<\/td>\n            <\/tr>\n            <tr>\n              <td>Garantir la d\u00e9fense de nos droits<\/td>\n              <td>Jusqu\u2019\u00e0 la date de prescription ou jusqu\u2019\u00e0 l\u2019extinction du d\u00e9lai de recours<\/td>\n            <\/tr>\n            <tr>\n              <td>Recevoir et classer les candidatures<\/td>\n              <td>Pour la dur\u00e9e de la proc\u00e9dure de recrutement<\/td>\n            <\/tr>\n            <tr>\n              <td>Constitution d\u2019une CVth\u00e8que<\/td>\n              <td>Deux ans \u00e0 la suite de la candidature si le candidat y consent<\/td>\n            <\/tr>\n            <tr>\n              <td>Garantir l\u2019exercice de vos droits<\/td>\n              <td>Jusqu\u2019\u00e0 l\u2019extinction du d\u00e9lai de recours Le cas \u00e9ch\u00e9ant, la copie de la carte d\u2019identit\u00e9 est conserv\u00e9e 1 an  <\/td>\n            <\/tr>\n          <\/table>\n        <\/div>\n\n\n\n<h2 class=\"wp-block-heading\">Les droits sur vos donn\u00e9es<\/h2>\n\n\n\n<p>Conform\u00e9ment et dans les limites de la R\u00e9glementation, notamment les articles 15 \u00e0 22 du RGPD, vous b\u00e9n\u00e9ficiez des droits suivants concernant le traitement de vos donn\u00e9es.<\/p>\n\n\n\n<p>Vous pouvez exercer vos droits via l\u2019adresse dpo@nw-groupe.com ou envoyer un courrier \u00e0 l\u2019adresse : 31 avenue Bosquet, 75007 Paris ou encore appeler au : +33 (0)1.83.75.17.77.<\/p>\n\n\n\n<p>En cas de doute un justificatif d\u2019identit\u00e9 pourra vous \u00eatre demand\u00e9. NW SERVICES s\u2019engage \u00e0 r\u00e9pondre aux demandes d&rsquo;exercice des droits des utilisateurs dans les meilleurs d\u00e9lais et, en tout \u00e9tat de cause, dans le respect des d\u00e9lais l\u00e9gaux.<\/p>\n\n\n\n<table>\n            <tr>\n              <th scope=\"row\">Droit de retirer votre consentement <\/th>\n              <td>Lorsque votre consentement a \u00e9t\u00e9 requis, vous pouvez, \u00e0 tout moment, le retirer.<\/td>\n            <\/tr>\n            <tr>\n              <th scope=\"row\">Droit d\u2019acc\u00e8s<\/th>\n              <td>Obtenir des informations sur les donn\u00e9es trait\u00e9es et une copie de ces donn\u00e9es.<\/td>\n            <\/tr>\n            <tr>\n              <th scope=\"row\">Droit d\u2019information<\/th>\n              <td>Obtenir des informations sur les conditions de traitements (destinataires, finalit\u00e9s, cat\u00e9gories de donn\u00e9es, etc.).<\/td>\n            <\/tr>\n            <tr>\n              <th scope=\"row\">Droit de rectification<\/th>\n              <td>Corriger ou mettre \u00e0 jour vos donn\u00e9es personnelles quand elles sont inexactes ou incompl\u00e8tes.<\/td>\n            <\/tr>\n            <tr>\n              <th scope=\"row\">Droit d\u2019opposition<\/th>\n              <td>S\u2019opposer \u00e0 la r\u00e9alisation d\u2019un traitement pour des raisons tenant \u00e0 votre situation particuli\u00e8re ou mis en \u0153uvre \u00e0 des fins de prospection commerciale. <\/td>\n            <\/tr>\n            <tr>\n              <th scope=\"row\">Droit \u00e0 la limitation<\/th>\n              <td>Demander \u00e0 ne pas traiter tout ou partie des donn\u00e9es sans votre consentement, mais de les conserver, de fa\u00e7on temporaire, sans pour autant demander \u00e0 les effacer. <\/td>\n            <\/tr>\n            <tr>\n              <th scope=\"row\">Droit \u00e0 l\u2019effacement<\/th>\n              <td>Demander la suppression de vos donn\u00e9es personnelles.<\/td>\n            <\/tr>\n            <tr>\n              <th scope=\"row\">Droit \u00e0 la portabilit\u00e9<\/th>\n              <td>Obtenir les donn\u00e9es dans un format structur\u00e9 et lisible par une machine et pouvoir les transmettre facilement \u00e0 un tiers.<\/td>\n            <\/tr>\n            <tr>\n              <th scope=\"row\">Droit de d\u00e9finir des directives post-mortem<\/th>\n              <td>D\u00e9finir les directives sur l\u2019utilisation de vos donn\u00e9es apr\u00e8s votre mort.<\/td>\n            <\/tr>\n          <\/table>\n\n\n\n<h2 class=\"wp-block-heading\">Cookies de mesures d\u2019audience<\/h2>\n\n\n\n<p>Les cookies statistiques aident les propri\u00e9taires du site web, par la collecte et la communication d\u2019informations de mani\u00e8re anonyme, \u00e0 comprendre comment les visiteurs interagissent avec les sites web.<\/p>\n\n\n\n<h2 class=\"wp-block-heading\">Matomo<\/h2>\n\n\n\n<p>Matomo Analytics (anciennement Piwik Analytics) est une solution de mesure d\u2019audience qui utilise des cookies. Ce site web utilise Matomo Analytics avec une configuration conforme \u00e0 la r\u00e9glementation sur la protection des donn\u00e9es personnelles et aux recommandations de la CNIL (Commission Nationale de l\u2019Informatique et des Libert\u00e9s). Cette configuration permet notamment de rendre anonyme les donn\u00e9es des visiteurs et de limiter le d\u00e9lai de conservation de ces donn\u00e9es \u00e0 13 mois maximum.<\/p>\n\n\n\n<p><\/p>\n\n\n\n<h2 class=\"wp-block-heading\"><strong>Cookies techniques n\u00e9cessaires au bon fonctionnement du site<\/strong><\/h2>\n\n\n<table>\n<tbody>\n<tr>\n<th scope=\"col\">Nom du cookie<\/th>\n<th scope=\"col\">Finalit\u00e9<\/th>\n<th scope=\"col\">Dur\u00e9e de conversation<\/th>\n<\/tr>\n<tr>\n<td>axeptio_all_vendors<\/td>\n<td>Contient la liste de tous les cookies d\u00e9clar\u00e9s dans votre widget Axeptio axeptio_authorized_vendors : contient la liste des cookies accept\u00e9s par le visiteur.<\/td>\n<td>1 an<\/td>\n<\/tr>\n<tr>\n<td>axeptio_authorized_vendors<\/td>\n<td>Contient la liste des cookies accept\u00e9s par le visiteur.<\/td>\n<td>1 an<\/td>\n<\/tr>\n<tr>\n<td>axeptio_cookies<\/td>\n<td>Contient toutes les informations sur le consentement du visiteur, comme la date, son identifiant anonyme unique, et s\u2019il a d\u00e9j\u00e0 consenti ou non.<\/td>\n<td>1 an<\/td>\n<\/tr>\n<tr>\n<td>wp-wpml_current_language<\/td>\n<td>Stocke la langue actuelle.<\/td>\n<td>1 jour<\/td>\n<\/tr>\n<\/tbody>\n<\/table>\n\n\n<h2 class=\"wp-block-heading\">Autres cookies<\/h2>\n\n\n<table>\n<tbody>\n<tr>\n<th scope=\"col\">Nom du cookie<\/th>\n<th scope=\"col\">Finalit\u00e9<\/th>\n<th scope=\"col\">Dur\u00e9e de conversation<\/th>\n<\/tr>\n<tr>\n<td>__cf_bm (Vimeo)<\/td>\n<td>Ce cookie est utilis\u00e9 pour distinguer les humains des robots. Ceci est b\u00e9n\u00e9fique pour le site web afin de cr\u00e9er des rapports valides sur l&rsquo;utilisation de leur site.<\/td>\n<td>1 an<\/td>\n<\/tr>\n<tr>\n<td>player (Vimeo)<\/td>\n<td>Enregistre les pr\u00e9f\u00e9rences de l&rsquo;utilisateur lors de la lecture des vid\u00e9os int\u00e9gr\u00e9es de Vimeo.<\/td>\n<td>1 an<\/td>\n<\/tr>\n<tr>\n<td>vuid (Vimeo)<\/td>\n<td>Recueille des donn\u00e9es sur les visites de l&rsquo;utilisateur sur le site web, telles que les pages qui ont \u00e9t\u00e9 consult\u00e9es.<\/td>\n<td>399 jours<\/td>\n<\/tr>\n<tr>\n<td>dmvk (Dailymotion)<\/td>\n<td>Cl\u00e9 vid\u00e9o al\u00e9atoire utilis\u00e9e pour emp\u00eacher l\u2019interruption de la vid\u00e9o regard\u00e9e par un utilisateur final lorsqu\u2019il navigue entre les r\u00e9seaux de diff\u00e9rents fournisseurs d\u2019acc\u00e8s Internet.<\/td>\n<td>Cookie de session<\/td>\n<\/tr>\n<tr>\n<td>ts (Dailymotion)<\/td>\n<td>Ce cookie \u00ab&nbsp;Traffic Segment&nbsp;\u00bb est utilis\u00e9 principalement pour le d\u00e9ploiement progressif, une fonctionnalit\u00e9 technique essentielle qui permet d\u2019\u00e9viter une interruption massive du service pendant l\u2019ajout de nouvelles fonctionnalit\u00e9s.<\/td>\n<td>13 mois<\/td>\n<\/tr>\n<tr>\n<td>usprivacy (Dailymotion)<\/td>\n<td>Stockage des informations relatives \u00e0 votre consentement afin d\u2019appliquer les lois californiennes sur la protection des donn\u00e9es.<\/td>\n<td>6 mois<\/td>\n<\/tr>\n<tr>\n<td>v1st (Dailymotion)<\/td>\n<td>Il s\u2019agit de votre identifiant num\u00e9rique unique sur le Service Dailymotion. Il est utilis\u00e9 pour : la pr\u00e9vention et la d\u00e9tection des fraudes, la s\u00e9curit\u00e9 du service Dailymotion, le respect des obligations l\u00e9gales&nbsp;(par exemple, l\u2019obligation de r\u00e9ponse aux r\u00e9quisitions judiciaires en mati\u00e8re d\u2019acc\u00e8s aux vid\u00e9os) et l\u2019identification de l\u2019\u00e2ge d\u2019un utilisateur final.<\/td>\n<td>Cookie de session<\/td>\n<\/tr>\n<tr>\n<td>VISITOR_INFO1_LIVE (Youtube)<\/td>\n<td>Tente d&rsquo;estimer la bande passante des utilisateurs sur les pages avec vid\u00e9os YouTube int\u00e9gr\u00e9es.<\/td>\n<td>179 jours<\/td>\n<\/tr>\n<tr>\n<td>YSC (Youtube)<\/td>\n<td>Enregistre un identifiant unique pour conserver des statistiques sur les vid\u00e9os de YouTube que l&rsquo;utilisateur a vues.<\/td>\n<td>Cookie de session<\/td>\n<\/tr>\n<\/tbody>\n<\/table>\n\n\n<h2 class=\"wp-block-heading\">Demandes et r\u00e9clamations<\/h2>\n\n\n\n<p>En cas de question concernant vos donn\u00e9es personnelles, vous pouvez contacter NW SERVICES en envoyant un mail \u00e0 l&rsquo;adresse :\u00a0dpo@nw-groupe.com<\/p>\n\n\n\n<p>\u00c0 d\u00e9faut de r\u00e9ponse satisfaisante de notre part, vous pouvez contacter l\u2019autorit\u00e9 de contr\u00f4le comp\u00e9tente, en France la \u00ab CNIL \u00bb Commission Nationale de l&rsquo;Informatique et des Libert\u00e9s situ\u00e9e 3 Place de Fontenoy &#8211; TSA 80715, 75334 PARIS CEDEX 07.<\/p>\n","protected":false},"excerpt":{"rendered":"<p>Politique de confidentialit\u00e9 Qui sommes-nous ? La soci\u00e9t\u00e9 NW SERVICES (ci-apr\u00e8s \u00ab&nbsp;NW SERVICES&nbsp;\u00bb), \u00e9dite le site internet&nbsp;https:\/\/nw-groupe.com\/&nbsp;(ci-apr\u00e8s le \u00ab&nbsp;Site&nbsp;\u00bb). Dans ce cadre, NW SERVICES est susceptible de traiter des donn\u00e9es \u00e0 caract\u00e8re personnel collect\u00e9es \u00e0 l\u2019occasion de l\u2019utilisation du Site par les utilisateurs. NW SERVICES place la protection des donn\u00e9es \u00e0 caract\u00e8re personnel au c\u0153ur [&hellip;]<\/p>\n","protected":false},"author":3,"featured_media":0,"parent":0,"menu_order":0,"comment_status":"closed","ping_status":"open","template":"","meta":{"_acf_changed":false,"footnotes":""},"class_list":["post-3","page","type-page","status-publish","hentry"],"acf":[],"yoast_head":"<!-- This site is optimized with the Yoast SEO plugin v26.2 - https:\/\/yoast.com\/wordpress\/plugins\/seo\/ -->\n<title>Politique de confidentialit\u00e9 - NW<\/title>\n<meta name=\"robots\" content=\"index, follow, max-snippet:-1, max-image-preview:large, max-video-preview:-1\" \/>\n<link rel=\"canonical\" href=\"https:\/\/www.nw-groupe.com\/fr\/politique-de-confidentialite\/\" \/>\n<meta property=\"og:locale\" content=\"fr_FR\" \/>\n<meta property=\"og:type\" content=\"article\" \/>\n<meta property=\"og:title\" content=\"Politique de confidentialit\u00e9 - NW\" \/>\n<meta property=\"og:description\" content=\"Politique de confidentialit\u00e9 Qui sommes-nous ? La soci\u00e9t\u00e9 NW SERVICES (ci-apr\u00e8s \u00ab&nbsp;NW SERVICES&nbsp;\u00bb), \u00e9dite le site internet&nbsp;https:\/\/nw-groupe.com\/&nbsp;(ci-apr\u00e8s le \u00ab&nbsp;Site&nbsp;\u00bb). Dans ce cadre, NW SERVICES est susceptible de traiter des donn\u00e9es \u00e0 caract\u00e8re personnel collect\u00e9es \u00e0 l\u2019occasion de l\u2019utilisation du Site par les utilisateurs. NW SERVICES place la protection des donn\u00e9es \u00e0 caract\u00e8re personnel au c\u0153ur [&hellip;]\" \/>\n<meta property=\"og:url\" content=\"https:\/\/www.nw-groupe.com\/fr\/politique-de-confidentialite\/\" \/>\n<meta property=\"og:site_name\" content=\"NW\" \/>\n<meta property=\"article:modified_time\" content=\"2025-12-09T15:16:47+00:00\" \/>\n<meta name=\"twitter:card\" content=\"summary_large_image\" \/>\n<meta name=\"twitter:label1\" content=\"Est. reading time\" \/>\n\t<meta name=\"twitter:data1\" content=\"9 minutes\" \/>\n<script type=\"application\/ld+json\" class=\"yoast-schema-graph\">{\"@context\":\"https:\/\/schema.org\",\"@graph\":[{\"@type\":\"WebPage\",\"@id\":\"https:\/\/www.nw-groupe.com\/fr\/politique-de-confidentialite\/\",\"url\":\"https:\/\/www.nw-groupe.com\/fr\/politique-de-confidentialite\/\",\"name\":\"Politique de confidentialit\u00e9 - NW\",\"isPartOf\":{\"@id\":\"https:\/\/www.nw-groupe.com\/fr\/#website\"},\"datePublished\":\"2023-02-02T14:24:43+00:00\",\"dateModified\":\"2025-12-09T15:16:47+00:00\",\"breadcrumb\":{\"@id\":\"https:\/\/www.nw-groupe.com\/fr\/politique-de-confidentialite\/#breadcrumb\"},\"inLanguage\":\"fr-FR\",\"potentialAction\":[{\"@type\":\"ReadAction\",\"target\":[\"https:\/\/www.nw-groupe.com\/fr\/politique-de-confidentialite\/\"]}]},{\"@type\":\"BreadcrumbList\",\"@id\":\"https:\/\/www.nw-groupe.com\/fr\/politique-de-confidentialite\/#breadcrumb\",\"itemListElement\":[{\"@type\":\"ListItem\",\"position\":1,\"name\":\"Accueil\",\"item\":\"https:\/\/www.nw-groupe.com\/fr\/\"},{\"@type\":\"ListItem\",\"position\":2,\"name\":\"Politique de confidentialit\u00e9\"}]},{\"@type\":\"WebSite\",\"@id\":\"https:\/\/www.nw-groupe.com\/fr\/#website\",\"url\":\"https:\/\/www.nw-groupe.com\/fr\/\",\"name\":\"NW\",\"description\":\"\",\"potentialAction\":[{\"@type\":\"SearchAction\",\"target\":{\"@type\":\"EntryPoint\",\"urlTemplate\":\"https:\/\/www.nw-groupe.com\/fr\/?s={search_term_string}\"},\"query-input\":{\"@type\":\"PropertyValueSpecification\",\"valueRequired\":true,\"valueName\":\"search_term_string\"}}],\"inLanguage\":\"fr-FR\"}]}<\/script>\n<!-- \/ Yoast SEO plugin. -->","yoast_head_json":{"title":"Politique de confidentialit\u00e9 - NW","robots":{"index":"index","follow":"follow","max-snippet":"max-snippet:-1","max-image-preview":"max-image-preview:large","max-video-preview":"max-video-preview:-1"},"canonical":"https:\/\/www.nw-groupe.com\/fr\/politique-de-confidentialite\/","og_locale":"fr_FR","og_type":"article","og_title":"Politique de confidentialit\u00e9 - NW","og_description":"Politique de confidentialit\u00e9 Qui sommes-nous ? La soci\u00e9t\u00e9 NW SERVICES (ci-apr\u00e8s \u00ab&nbsp;NW SERVICES&nbsp;\u00bb), \u00e9dite le site internet&nbsp;https:\/\/nw-groupe.com\/&nbsp;(ci-apr\u00e8s le \u00ab&nbsp;Site&nbsp;\u00bb). Dans ce cadre, NW SERVICES est susceptible de traiter des donn\u00e9es \u00e0 caract\u00e8re personnel collect\u00e9es \u00e0 l\u2019occasion de l\u2019utilisation du Site par les utilisateurs. NW SERVICES place la protection des donn\u00e9es \u00e0 caract\u00e8re personnel au c\u0153ur [&hellip;]","og_url":"https:\/\/www.nw-groupe.com\/fr\/politique-de-confidentialite\/","og_site_name":"NW","article_modified_time":"2025-12-09T15:16:47+00:00","twitter_card":"summary_large_image","twitter_misc":{"Est. reading time":"9 minutes"},"schema":{"@context":"https:\/\/schema.org","@graph":[{"@type":"WebPage","@id":"https:\/\/www.nw-groupe.com\/fr\/politique-de-confidentialite\/","url":"https:\/\/www.nw-groupe.com\/fr\/politique-de-confidentialite\/","name":"Politique de confidentialit\u00e9 - NW","isPartOf":{"@id":"https:\/\/www.nw-groupe.com\/fr\/#website"},"datePublished":"2023-02-02T14:24:43+00:00","dateModified":"2025-12-09T15:16:47+00:00","breadcrumb":{"@id":"https:\/\/www.nw-groupe.com\/fr\/politique-de-confidentialite\/#breadcrumb"},"inLanguage":"fr-FR","potentialAction":[{"@type":"ReadAction","target":["https:\/\/www.nw-groupe.com\/fr\/politique-de-confidentialite\/"]}]},{"@type":"BreadcrumbList","@id":"https:\/\/www.nw-groupe.com\/fr\/politique-de-confidentialite\/#breadcrumb","itemListElement":[{"@type":"ListItem","position":1,"name":"Accueil","item":"https:\/\/www.nw-groupe.com\/fr\/"},{"@type":"ListItem","position":2,"name":"Politique de confidentialit\u00e9"}]},{"@type":"WebSite","@id":"https:\/\/www.nw-groupe.com\/fr\/#website","url":"https:\/\/www.nw-groupe.com\/fr\/","name":"NW","description":"","potentialAction":[{"@type":"SearchAction","target":{"@type":"EntryPoint","urlTemplate":"https:\/\/www.nw-groupe.com\/fr\/?s={search_term_string}"},"query-input":{"@type":"PropertyValueSpecification","valueRequired":true,"valueName":"search_term_string"}}],"inLanguage":"fr-FR"}]}},"_links":{"self":[{"href":"https:\/\/www.nw-groupe.com\/fr\/wp-json\/wp\/v2\/pages\/3","targetHints":{"allow":["GET"]}}],"collection":[{"href":"https:\/\/www.nw-groupe.com\/fr\/wp-json\/wp\/v2\/pages"}],"about":[{"href":"https:\/\/www.nw-groupe.com\/fr\/wp-json\/wp\/v2\/types\/page"}],"author":[{"embeddable":true,"href":"https:\/\/www.nw-groupe.com\/fr\/wp-json\/wp\/v2\/users\/3"}],"replies":[{"embeddable":true,"href":"https:\/\/www.nw-groupe.com\/fr\/wp-json\/wp\/v2\/comments?post=3"}],"version-history":[{"count":26,"href":"https:\/\/www.nw-groupe.com\/fr\/wp-json\/wp\/v2\/pages\/3\/revisions"}],"predecessor-version":[{"id":3316,"href":"https:\/\/www.nw-groupe.com\/fr\/wp-json\/wp\/v2\/pages\/3\/revisions\/3316"}],"wp:attachment":[{"href":"https:\/\/www.nw-groupe.com\/fr\/wp-json\/wp\/v2\/media?parent=3"}],"curies":[{"name":"wp","href":"https:\/\/api.w.org\/{rel}","templated":true}]}}