{"id":2335,"date":"2023-06-19T15:37:41","date_gmt":"2023-06-19T15:37:41","guid":{"rendered":"https:\/\/www.nw-groupe.com\/mentions-legales\/"},"modified":"2025-01-27T10:00:09","modified_gmt":"2025-01-27T10:00:09","slug":"oikeudelliset-tiedot","status":"publish","type":"page","link":"https:\/\/www.nw-groupe.com\/fi\/oikeudelliset-tiedot\/","title":{"rendered":"Oikeudelliset tiedot"},"content":{"rendered":"\n<h1 class=\"wp-block-heading\">Oikeudelliset tiedot<\/h1>\n\n\n\n<p><strong>1- Le site internet nw-groupe.com est \u00e9dit\u00e9 par :<\/strong><\/p>\n\n\n\n<p>La soci\u00e9t\u00e9 NW, SAS au capital social de 1 000 000 euros.<br>Si\u00e8ge social : 31 avenue Bosquet, 75007 Paris<br>T\u00e9l\u00e9phone n \u00b0 : +33 (0)1.83.75.17.77<br>RCS PARIS n\u00b0 952 232 601<br>Directeur de la publication : Jean-Christophe KERDELHUE<br>Contact :&nbsp;<a href=\"mailto:contact@nw-groupe.com\">contact@nw-groupe.com<\/a><\/p>\n\n\n\n<p><strong>2- Le site internet est h\u00e9berg\u00e9 par :<\/strong><\/p>\n\n\n\n<p>Platform.sh SAS<br>22 Rue de Palestro,<br>75002 PARIS<br>Site web :&nbsp;<a href=\"https:\/\/platform.sh\/\">https:\/\/platform.sh\/<\/a><br>T\u00e9l\u00e9phone n \u00b0 : +33 (0)1.40.09.30.00<\/p>\n\n\n\n<p>Tous les textes et images figurants sur ce site sont la propri\u00e9t\u00e9 exclusive de NW comme d\u00e9fini par l&#8217;art. 111-1 et suivants du Code de la propri\u00e9t\u00e9 intellectuelle et par l&#8217;art. 27 de la D\u00e9claration universelle des droits de l&#8217;homme, et sont prot\u00e9g\u00e9s par un copyright.<\/p>\n","protected":false},"excerpt":{"rendered":"<p>Oikeudelliset tiedot 1- Le site internet nw-groupe.com est \u00e9dit\u00e9 par : La soci\u00e9t\u00e9 NW, SAS au capital social de 1 000 000 euros.Si\u00e8ge social : 31 avenue Bosquet, 75007 ParisT\u00e9l\u00e9phone n \u00b0 : +33 (0)1.83.75.17.77RCS PARIS n\u00b0 952 232 601Directeur de la publication : Jean-Christophe KERDELHUEContact :&nbsp;contact@nw-groupe.com 2- Le site internet est h\u00e9berg\u00e9 par : [&hellip;]<\/p>\n","protected":false},"author":3,"featured_media":0,"parent":0,"menu_order":0,"comment_status":"closed","ping_status":"closed","template":"","meta":{"_acf_changed":false,"footnotes":""},"class_list":["post-2335","page","type-page","status-publish","hentry"],"acf":[],"yoast_head":"<!-- This site is optimized with the Yoast SEO plugin v26.2 - https:\/\/yoast.com\/wordpress\/plugins\/seo\/ -->\n<title>Oikeudelliset tiedot - NW<\/title>\n<meta name=\"robots\" content=\"index, follow, max-snippet:-1, max-image-preview:large, max-video-preview:-1\" \/>\n<link rel=\"canonical\" href=\"https:\/\/www.nw-groupe.com\/fi\/oikeudelliset-tiedot\/\" \/>\n<meta property=\"og:locale\" content=\"fi_FI\" \/>\n<meta property=\"og:type\" content=\"article\" \/>\n<meta property=\"og:title\" content=\"Oikeudelliset tiedot - NW\" \/>\n<meta property=\"og:description\" content=\"Oikeudelliset tiedot 1- Le site internet nw-groupe.com est \u00e9dit\u00e9 par : La soci\u00e9t\u00e9 NW, SAS au capital social de 1 000 000 euros.Si\u00e8ge social : 31 avenue Bosquet, 75007 ParisT\u00e9l\u00e9phone n \u00b0 : +33 (0)1.83.75.17.77RCS PARIS n\u00b0 952 232 601Directeur de la publication : Jean-Christophe KERDELHUEContact :&nbsp;contact@nw-groupe.com 2- Le site internet est h\u00e9berg\u00e9 par : [&hellip;]\" \/>\n<meta property=\"og:url\" content=\"https:\/\/www.nw-groupe.com\/fi\/oikeudelliset-tiedot\/\" \/>\n<meta property=\"og:site_name\" content=\"NW\" \/>\n<meta property=\"article:modified_time\" content=\"2025-01-27T10:00:09+00:00\" \/>\n<meta name=\"twitter:card\" content=\"summary_large_image\" \/>\n<script type=\"application\/ld+json\" class=\"yoast-schema-graph\">{\"@context\":\"https:\/\/schema.org\",\"@graph\":[{\"@type\":\"WebPage\",\"@id\":\"https:\/\/www.nw-groupe.com\/fi\/oikeudelliset-tiedot\/\",\"url\":\"https:\/\/www.nw-groupe.com\/fi\/oikeudelliset-tiedot\/\",\"name\":\"Oikeudelliset tiedot - NW\",\"isPartOf\":{\"@id\":\"https:\/\/www.nw-groupe.com\/fi\/#website\"},\"datePublished\":\"2023-06-19T15:37:41+00:00\",\"dateModified\":\"2025-01-27T10:00:09+00:00\",\"breadcrumb\":{\"@id\":\"https:\/\/www.nw-groupe.com\/fi\/oikeudelliset-tiedot\/#breadcrumb\"},\"inLanguage\":\"fi\",\"potentialAction\":[{\"@type\":\"ReadAction\",\"target\":[\"https:\/\/www.nw-groupe.com\/fi\/oikeudelliset-tiedot\/\"]}]},{\"@type\":\"BreadcrumbList\",\"@id\":\"https:\/\/www.nw-groupe.com\/fi\/oikeudelliset-tiedot\/#breadcrumb\",\"itemListElement\":[{\"@type\":\"ListItem\",\"position\":1,\"name\":\"Etusivu\",\"item\":\"https:\/\/www.nw-groupe.com\/fi\/\"},{\"@type\":\"ListItem\",\"position\":2,\"name\":\"Oikeudelliset tiedot\"}]},{\"@type\":\"WebSite\",\"@id\":\"https:\/\/www.nw-groupe.com\/fi\/#website\",\"url\":\"https:\/\/www.nw-groupe.com\/fi\/\",\"name\":\"NW\",\"description\":\"\",\"potentialAction\":[{\"@type\":\"SearchAction\",\"target\":{\"@type\":\"EntryPoint\",\"urlTemplate\":\"https:\/\/www.nw-groupe.com\/fi\/?s={search_term_string}\"},\"query-input\":{\"@type\":\"PropertyValueSpecification\",\"valueRequired\":true,\"valueName\":\"search_term_string\"}}],\"inLanguage\":\"fi\"}]}<\/script>\n<!-- \/ Yoast SEO plugin. -->","yoast_head_json":{"title":"Oikeudelliset tiedot - NW","robots":{"index":"index","follow":"follow","max-snippet":"max-snippet:-1","max-image-preview":"max-image-preview:large","max-video-preview":"max-video-preview:-1"},"canonical":"https:\/\/www.nw-groupe.com\/fi\/oikeudelliset-tiedot\/","og_locale":"fi_FI","og_type":"article","og_title":"Oikeudelliset tiedot - NW","og_description":"Oikeudelliset tiedot 1- Le site internet nw-groupe.com est \u00e9dit\u00e9 par : La soci\u00e9t\u00e9 NW, SAS au capital social de 1 000 000 euros.Si\u00e8ge social : 31 avenue Bosquet, 75007 ParisT\u00e9l\u00e9phone n \u00b0 : +33 (0)1.83.75.17.77RCS PARIS n\u00b0 952 232 601Directeur de la publication : Jean-Christophe KERDELHUEContact :&nbsp;contact@nw-groupe.com 2- Le site internet est h\u00e9berg\u00e9 par : [&hellip;]","og_url":"https:\/\/www.nw-groupe.com\/fi\/oikeudelliset-tiedot\/","og_site_name":"NW","article_modified_time":"2025-01-27T10:00:09+00:00","twitter_card":"summary_large_image","schema":{"@context":"https:\/\/schema.org","@graph":[{"@type":"WebPage","@id":"https:\/\/www.nw-groupe.com\/fi\/oikeudelliset-tiedot\/","url":"https:\/\/www.nw-groupe.com\/fi\/oikeudelliset-tiedot\/","name":"Oikeudelliset tiedot - NW","isPartOf":{"@id":"https:\/\/www.nw-groupe.com\/fi\/#website"},"datePublished":"2023-06-19T15:37:41+00:00","dateModified":"2025-01-27T10:00:09+00:00","breadcrumb":{"@id":"https:\/\/www.nw-groupe.com\/fi\/oikeudelliset-tiedot\/#breadcrumb"},"inLanguage":"fi","potentialAction":[{"@type":"ReadAction","target":["https:\/\/www.nw-groupe.com\/fi\/oikeudelliset-tiedot\/"]}]},{"@type":"BreadcrumbList","@id":"https:\/\/www.nw-groupe.com\/fi\/oikeudelliset-tiedot\/#breadcrumb","itemListElement":[{"@type":"ListItem","position":1,"name":"Etusivu","item":"https:\/\/www.nw-groupe.com\/fi\/"},{"@type":"ListItem","position":2,"name":"Oikeudelliset tiedot"}]},{"@type":"WebSite","@id":"https:\/\/www.nw-groupe.com\/fi\/#website","url":"https:\/\/www.nw-groupe.com\/fi\/","name":"NW","description":"","potentialAction":[{"@type":"SearchAction","target":{"@type":"EntryPoint","urlTemplate":"https:\/\/www.nw-groupe.com\/fi\/?s={search_term_string}"},"query-input":{"@type":"PropertyValueSpecification","valueRequired":true,"valueName":"search_term_string"}}],"inLanguage":"fi"}]}},"_links":{"self":[{"href":"https:\/\/www.nw-groupe.com\/fi\/wp-json\/wp\/v2\/pages\/2335","targetHints":{"allow":["GET"]}}],"collection":[{"href":"https:\/\/www.nw-groupe.com\/fi\/wp-json\/wp\/v2\/pages"}],"about":[{"href":"https:\/\/www.nw-groupe.com\/fi\/wp-json\/wp\/v2\/types\/page"}],"author":[{"embeddable":true,"href":"https:\/\/www.nw-groupe.com\/fi\/wp-json\/wp\/v2\/users\/3"}],"replies":[{"embeddable":true,"href":"https:\/\/www.nw-groupe.com\/fi\/wp-json\/wp\/v2\/comments?post=2335"}],"version-history":[{"count":2,"href":"https:\/\/www.nw-groupe.com\/fi\/wp-json\/wp\/v2\/pages\/2335\/revisions"}],"predecessor-version":[{"id":2366,"href":"https:\/\/www.nw-groupe.com\/fi\/wp-json\/wp\/v2\/pages\/2335\/revisions\/2366"}],"wp:attachment":[{"href":"https:\/\/www.nw-groupe.com\/fi\/wp-json\/wp\/v2\/media?parent=2335"}],"curies":[{"name":"wp","href":"https:\/\/api.w.org\/{rel}","templated":true}]}}