{"id":1446,"date":"2023-09-21T14:48:30","date_gmt":"2023-09-21T14:48:30","guid":{"rendered":"https:\/\/www.nw-groupe.com\/legal-notice\/"},"modified":"2024-10-21T09:55:24","modified_gmt":"2024-10-21T09:55:24","slug":"legal-notice","status":"publish","type":"page","link":"https:\/\/www.nw-groupe.com\/en\/legal-notice\/","title":{"rendered":"Legal notice"},"content":{"rendered":"\n<h2 class=\"wp-block-heading\">Legal notice<\/h2>\n\n\n\n<p><strong>1- Le site internet nw-groupe.com est \u00e9dit\u00e9 par :<\/strong><\/p>\n\n\n\n<p>La soci\u00e9t\u00e9 NW, SAS au capital social de 1 000 000 euros.<br>Si\u00e8ge social : 31 avenue Bosquet, 75007 Paris<br>T\u00e9l\u00e9phone n \u00b0 : +33 (0)1.83.75.17.77<br>RCS PARIS n\u00b0 952 232 601<br>Directeur de la publication : Jean-Christophe KERDELHUE<br>Contact : <a href=\"mailto:contact@nw-groupe.com\">contact@nw-groupe.com<\/a><\/p>\n\n\n\n<p><strong>2- Le site internet est h\u00e9berg\u00e9 par :<\/strong><\/p>\n\n\n\n<p>Platform.sh SAS<br>22 Rue de Palestro,<br>75002 PARIS<br>Site web : <a href=\"https:\/\/platform.sh\/\">https:\/\/platform.sh\/<\/a><br>T\u00e9l\u00e9phone n \u00b0 : +33 (0)1.40.09.30.00<\/p>\n\n\n\n<p>Tous les textes et images figurants sur ce site sont la propri\u00e9t\u00e9 exclusive de NW comme d\u00e9fini par l&#8217;art. 111-1 et suivants du Code de la propri\u00e9t\u00e9 intellectuelle et par l&#8217;art. 27 de la D\u00e9claration universelle des droits de l&#8217;homme, et sont prot\u00e9g\u00e9s par un copyright.<\/p>\n","protected":false},"excerpt":{"rendered":"<p>Legal notice 1- Le site internet nw-groupe.com est \u00e9dit\u00e9 par : La soci\u00e9t\u00e9 NW, SAS au capital social de 1 000 000 euros.Si\u00e8ge social : 31 avenue Bosquet, 75007 ParisT\u00e9l\u00e9phone n \u00b0 : +33 (0)1.83.75.17.77RCS PARIS n\u00b0 952 232 601Directeur de la publication : Jean-Christophe KERDELHUEContact : contact@nw-groupe.com 2- Le site internet est h\u00e9berg\u00e9 par [&hellip;]<\/p>\n","protected":false},"author":3,"featured_media":0,"parent":0,"menu_order":0,"comment_status":"closed","ping_status":"closed","template":"","meta":{"_acf_changed":false,"footnotes":""},"class_list":["post-1446","page","type-page","status-publish","hentry"],"acf":[],"yoast_head":"<!-- This site is optimized with the Yoast SEO plugin v26.2 - https:\/\/yoast.com\/wordpress\/plugins\/seo\/ -->\n<title>Legal notice - NW<\/title>\n<meta name=\"robots\" content=\"index, follow, max-snippet:-1, max-image-preview:large, max-video-preview:-1\" \/>\n<link rel=\"canonical\" href=\"https:\/\/www.nw-groupe.com\/en\/legal-notice\/\" \/>\n<meta property=\"og:locale\" content=\"en_US\" \/>\n<meta property=\"og:type\" content=\"article\" \/>\n<meta property=\"og:title\" content=\"Legal notice - NW\" \/>\n<meta property=\"og:description\" content=\"Legal notice 1- Le site internet nw-groupe.com est \u00e9dit\u00e9 par : La soci\u00e9t\u00e9 NW, SAS au capital social de 1 000 000 euros.Si\u00e8ge social : 31 avenue Bosquet, 75007 ParisT\u00e9l\u00e9phone n \u00b0 : +33 (0)1.83.75.17.77RCS PARIS n\u00b0 952 232 601Directeur de la publication : Jean-Christophe KERDELHUEContact : contact@nw-groupe.com 2- Le site internet est h\u00e9berg\u00e9 par [&hellip;]\" \/>\n<meta property=\"og:url\" content=\"https:\/\/www.nw-groupe.com\/en\/legal-notice\/\" \/>\n<meta property=\"og:site_name\" content=\"NW\" \/>\n<meta property=\"article:modified_time\" content=\"2024-10-21T09:55:24+00:00\" \/>\n<meta name=\"twitter:card\" content=\"summary_large_image\" \/>\n<meta name=\"twitter:label1\" content=\"Est. reading time\" \/>\n\t<meta name=\"twitter:data1\" content=\"1 minute\" \/>\n<script type=\"application\/ld+json\" class=\"yoast-schema-graph\">{\"@context\":\"https:\/\/schema.org\",\"@graph\":[{\"@type\":\"WebPage\",\"@id\":\"https:\/\/www.nw-groupe.com\/en\/legal-notice\/\",\"url\":\"https:\/\/www.nw-groupe.com\/en\/legal-notice\/\",\"name\":\"Legal notice - NW\",\"isPartOf\":{\"@id\":\"https:\/\/www.nw-groupe.com\/en\/#website\"},\"datePublished\":\"2023-09-21T14:48:30+00:00\",\"dateModified\":\"2024-10-21T09:55:24+00:00\",\"breadcrumb\":{\"@id\":\"https:\/\/www.nw-groupe.com\/en\/legal-notice\/#breadcrumb\"},\"inLanguage\":\"en-US\",\"potentialAction\":[{\"@type\":\"ReadAction\",\"target\":[\"https:\/\/www.nw-groupe.com\/en\/legal-notice\/\"]}]},{\"@type\":\"BreadcrumbList\",\"@id\":\"https:\/\/www.nw-groupe.com\/en\/legal-notice\/#breadcrumb\",\"itemListElement\":[{\"@type\":\"ListItem\",\"position\":1,\"name\":\"Home\",\"item\":\"https:\/\/www.nw-groupe.com\/en\/\"},{\"@type\":\"ListItem\",\"position\":2,\"name\":\"Legal notice\"}]},{\"@type\":\"WebSite\",\"@id\":\"https:\/\/www.nw-groupe.com\/en\/#website\",\"url\":\"https:\/\/www.nw-groupe.com\/en\/\",\"name\":\"NW\",\"description\":\"\",\"potentialAction\":[{\"@type\":\"SearchAction\",\"target\":{\"@type\":\"EntryPoint\",\"urlTemplate\":\"https:\/\/www.nw-groupe.com\/en\/?s={search_term_string}\"},\"query-input\":{\"@type\":\"PropertyValueSpecification\",\"valueRequired\":true,\"valueName\":\"search_term_string\"}}],\"inLanguage\":\"en-US\"}]}<\/script>\n<!-- \/ Yoast SEO plugin. -->","yoast_head_json":{"title":"Legal notice - NW","robots":{"index":"index","follow":"follow","max-snippet":"max-snippet:-1","max-image-preview":"max-image-preview:large","max-video-preview":"max-video-preview:-1"},"canonical":"https:\/\/www.nw-groupe.com\/en\/legal-notice\/","og_locale":"en_US","og_type":"article","og_title":"Legal notice - NW","og_description":"Legal notice 1- Le site internet nw-groupe.com est \u00e9dit\u00e9 par : La soci\u00e9t\u00e9 NW, SAS au capital social de 1 000 000 euros.Si\u00e8ge social : 31 avenue Bosquet, 75007 ParisT\u00e9l\u00e9phone n \u00b0 : +33 (0)1.83.75.17.77RCS PARIS n\u00b0 952 232 601Directeur de la publication : Jean-Christophe KERDELHUEContact : contact@nw-groupe.com 2- Le site internet est h\u00e9berg\u00e9 par [&hellip;]","og_url":"https:\/\/www.nw-groupe.com\/en\/legal-notice\/","og_site_name":"NW","article_modified_time":"2024-10-21T09:55:24+00:00","twitter_card":"summary_large_image","twitter_misc":{"Est. reading time":"1 minute"},"schema":{"@context":"https:\/\/schema.org","@graph":[{"@type":"WebPage","@id":"https:\/\/www.nw-groupe.com\/en\/legal-notice\/","url":"https:\/\/www.nw-groupe.com\/en\/legal-notice\/","name":"Legal notice - NW","isPartOf":{"@id":"https:\/\/www.nw-groupe.com\/en\/#website"},"datePublished":"2023-09-21T14:48:30+00:00","dateModified":"2024-10-21T09:55:24+00:00","breadcrumb":{"@id":"https:\/\/www.nw-groupe.com\/en\/legal-notice\/#breadcrumb"},"inLanguage":"en-US","potentialAction":[{"@type":"ReadAction","target":["https:\/\/www.nw-groupe.com\/en\/legal-notice\/"]}]},{"@type":"BreadcrumbList","@id":"https:\/\/www.nw-groupe.com\/en\/legal-notice\/#breadcrumb","itemListElement":[{"@type":"ListItem","position":1,"name":"Home","item":"https:\/\/www.nw-groupe.com\/en\/"},{"@type":"ListItem","position":2,"name":"Legal notice"}]},{"@type":"WebSite","@id":"https:\/\/www.nw-groupe.com\/en\/#website","url":"https:\/\/www.nw-groupe.com\/en\/","name":"NW","description":"","potentialAction":[{"@type":"SearchAction","target":{"@type":"EntryPoint","urlTemplate":"https:\/\/www.nw-groupe.com\/en\/?s={search_term_string}"},"query-input":{"@type":"PropertyValueSpecification","valueRequired":true,"valueName":"search_term_string"}}],"inLanguage":"en-US"}]}},"_links":{"self":[{"href":"https:\/\/www.nw-groupe.com\/en\/wp-json\/wp\/v2\/pages\/1446","targetHints":{"allow":["GET"]}}],"collection":[{"href":"https:\/\/www.nw-groupe.com\/en\/wp-json\/wp\/v2\/pages"}],"about":[{"href":"https:\/\/www.nw-groupe.com\/en\/wp-json\/wp\/v2\/types\/page"}],"author":[{"embeddable":true,"href":"https:\/\/www.nw-groupe.com\/en\/wp-json\/wp\/v2\/users\/3"}],"replies":[{"embeddable":true,"href":"https:\/\/www.nw-groupe.com\/en\/wp-json\/wp\/v2\/comments?post=1446"}],"version-history":[{"count":9,"href":"https:\/\/www.nw-groupe.com\/en\/wp-json\/wp\/v2\/pages\/1446\/revisions"}],"predecessor-version":[{"id":1950,"href":"https:\/\/www.nw-groupe.com\/en\/wp-json\/wp\/v2\/pages\/1446\/revisions\/1950"}],"wp:attachment":[{"href":"https:\/\/www.nw-groupe.com\/en\/wp-json\/wp\/v2\/media?parent=1446"}],"curies":[{"name":"wp","href":"https:\/\/api.w.org\/{rel}","templated":true}]}}