{"id":1348,"date":"2023-05-05T07:38:03","date_gmt":"2023-05-05T07:38:03","guid":{"rendered":"https:\/\/www.nw-groupe.com\/nos-solutions\/"},"modified":"2023-09-21T15:02:50","modified_gmt":"2023-09-21T15:02:50","slug":"our-solutions","status":"publish","type":"page","link":"https:\/\/www.nw-groupe.com\/en\/our-solutions\/","title":{"rendered":"Our innovative solutions for the ecological and energy transition"},"content":{"rendered":"","protected":false},"excerpt":{"rendered":"","protected":false},"author":3,"featured_media":0,"parent":0,"menu_order":0,"comment_status":"closed","ping_status":"closed","template":"templates\/hub.php","meta":{"_acf_changed":false,"footnotes":""},"class_list":["post-1348","page","type-page","status-publish","hentry"],"acf":[],"yoast_head":"<!-- This site is optimized with the Yoast SEO plugin v26.2 - https:\/\/yoast.com\/wordpress\/plugins\/seo\/ -->\n<title>Our innovative solutions for the ecological and energy transition - NW<\/title>\n<meta name=\"description\" content=\"Des bornes de recharge \u00e9lectrique haute puissance \u00e0 la production d\u2019\u00e9nergies renouvelables en passant par le stockage diffus d\u2019\u00e9lectricit\u00e9 et l&#039;agr\u00e9gation des actifs \u00e9nerg\u00e9tiques sur le march\u00e9, nos solutions innovantes de gestion et stockage d\u2019\u00e9nergie sont toutes pens\u00e9es pour rendre la transition \u00e9nerg\u00e9tique accessible \u00e0 tous.\" \/>\n<meta name=\"robots\" content=\"index, follow, max-snippet:-1, max-image-preview:large, max-video-preview:-1\" \/>\n<link rel=\"canonical\" href=\"https:\/\/www.nw-groupe.com\/en\/our-solutions\/\" \/>\n<meta property=\"og:locale\" content=\"en_US\" \/>\n<meta property=\"og:type\" content=\"article\" \/>\n<meta property=\"og:title\" content=\"Nos solutions innovantes au service de la transition \u00e9cologique et \u00e9nerg\u00e9tique\" \/>\n<meta property=\"og:description\" content=\"Des bornes de recharge \u00e9lectrique haute puissance \u00e0 la production d\u2019\u00e9nergies renouvelables en passant par le stockage diffus d\u2019\u00e9lectricit\u00e9 et l&#039;agr\u00e9gation des actifs \u00e9nerg\u00e9tiques sur le march\u00e9, nos solutions innovantes de gestion et stockage d\u2019\u00e9nergie sont toutes pens\u00e9es pour rendre la transition \u00e9nerg\u00e9tique accessible \u00e0 tous.\" \/>\n<meta property=\"og:url\" content=\"https:\/\/www.nw-groupe.com\/en\/our-solutions\/\" \/>\n<meta property=\"og:site_name\" content=\"NW\" \/>\n<meta property=\"article:modified_time\" content=\"2023-09-21T15:02:50+00:00\" \/>\n<meta property=\"og:image\" content=\"https:\/\/www.nw-groupe.com\/wp-content\/uploads\/2023\/05\/hp.jpg\" \/>\n\t<meta property=\"og:image:width\" content=\"2000\" \/>\n\t<meta property=\"og:image:height\" content=\"1332\" \/>\n\t<meta property=\"og:image:type\" content=\"image\/jpeg\" \/>\n<meta name=\"twitter:card\" content=\"summary_large_image\" \/>\n<meta name=\"twitter:title\" content=\"Nos solutions innovantes au service de la transition \u00e9cologique et \u00e9nerg\u00e9tique\" \/>\n<meta name=\"twitter:description\" content=\"Des bornes de recharge \u00e9lectrique haute puissance \u00e0 la production d\u2019\u00e9nergies renouvelables en passant par le stockage diffus d\u2019\u00e9lectricit\u00e9 et l&#039;agr\u00e9gation des actifs \u00e9nerg\u00e9tiques sur le march\u00e9, nos solutions innovantes de gestion et stockage d\u2019\u00e9nergie sont toutes pens\u00e9es pour rendre la transition \u00e9nerg\u00e9tique accessible \u00e0 tous.\" \/>\n<meta name=\"twitter:image\" content=\"https:\/\/www.nw-groupe.com\/wp-content\/uploads\/2023\/05\/hp.jpg\" \/>\n<script type=\"application\/ld+json\" class=\"yoast-schema-graph\">{\"@context\":\"https:\/\/schema.org\",\"@graph\":[{\"@type\":\"WebPage\",\"@id\":\"https:\/\/www.nw-groupe.com\/en\/our-solutions\/\",\"url\":\"https:\/\/www.nw-groupe.com\/en\/our-solutions\/\",\"name\":\"Our innovative solutions for the ecological and energy transition - NW\",\"isPartOf\":{\"@id\":\"https:\/\/www.nw-groupe.com\/en\/#website\"},\"datePublished\":\"2023-05-05T07:38:03+00:00\",\"dateModified\":\"2023-09-21T15:02:50+00:00\",\"description\":\"Des bornes de recharge \u00e9lectrique haute puissance \u00e0 la production d\u2019\u00e9nergies renouvelables en passant par le stockage diffus d\u2019\u00e9lectricit\u00e9 et l'agr\u00e9gation des actifs \u00e9nerg\u00e9tiques sur le march\u00e9, nos solutions innovantes de gestion et stockage d\u2019\u00e9nergie sont toutes pens\u00e9es pour rendre la transition \u00e9nerg\u00e9tique accessible \u00e0 tous.\",\"breadcrumb\":{\"@id\":\"https:\/\/www.nw-groupe.com\/en\/our-solutions\/#breadcrumb\"},\"inLanguage\":\"en-US\",\"potentialAction\":[{\"@type\":\"ReadAction\",\"target\":[\"https:\/\/www.nw-groupe.com\/en\/our-solutions\/\"]}]},{\"@type\":\"BreadcrumbList\",\"@id\":\"https:\/\/www.nw-groupe.com\/en\/our-solutions\/#breadcrumb\",\"itemListElement\":[{\"@type\":\"ListItem\",\"position\":1,\"name\":\"Home\",\"item\":\"https:\/\/www.nw-groupe.com\/en\/\"},{\"@type\":\"ListItem\",\"position\":2,\"name\":\"Our innovative solutions for the ecological and energy transition\"}]},{\"@type\":\"WebSite\",\"@id\":\"https:\/\/www.nw-groupe.com\/en\/#website\",\"url\":\"https:\/\/www.nw-groupe.com\/en\/\",\"name\":\"NW\",\"description\":\"\",\"potentialAction\":[{\"@type\":\"SearchAction\",\"target\":{\"@type\":\"EntryPoint\",\"urlTemplate\":\"https:\/\/www.nw-groupe.com\/en\/?s={search_term_string}\"},\"query-input\":{\"@type\":\"PropertyValueSpecification\",\"valueRequired\":true,\"valueName\":\"search_term_string\"}}],\"inLanguage\":\"en-US\"}]}<\/script>\n<!-- \/ Yoast SEO plugin. -->","yoast_head_json":{"title":"Our innovative solutions for the ecological and energy transition - NW","description":"Des bornes de recharge \u00e9lectrique haute puissance \u00e0 la production d\u2019\u00e9nergies renouvelables en passant par le stockage diffus d\u2019\u00e9lectricit\u00e9 et l'agr\u00e9gation des actifs \u00e9nerg\u00e9tiques sur le march\u00e9, nos solutions innovantes de gestion et stockage d\u2019\u00e9nergie sont toutes pens\u00e9es pour rendre la transition \u00e9nerg\u00e9tique accessible \u00e0 tous.","robots":{"index":"index","follow":"follow","max-snippet":"max-snippet:-1","max-image-preview":"max-image-preview:large","max-video-preview":"max-video-preview:-1"},"canonical":"https:\/\/www.nw-groupe.com\/en\/our-solutions\/","og_locale":"en_US","og_type":"article","og_title":"Nos solutions innovantes au service de la transition \u00e9cologique et \u00e9nerg\u00e9tique","og_description":"Des bornes de recharge \u00e9lectrique haute puissance \u00e0 la production d\u2019\u00e9nergies renouvelables en passant par le stockage diffus d\u2019\u00e9lectricit\u00e9 et l'agr\u00e9gation des actifs \u00e9nerg\u00e9tiques sur le march\u00e9, nos solutions innovantes de gestion et stockage d\u2019\u00e9nergie sont toutes pens\u00e9es pour rendre la transition \u00e9nerg\u00e9tique accessible \u00e0 tous.","og_url":"https:\/\/www.nw-groupe.com\/en\/our-solutions\/","og_site_name":"NW","article_modified_time":"2023-09-21T15:02:50+00:00","og_image":[{"width":2000,"height":1332,"url":"https:\/\/www.nw-groupe.com\/wp-content\/uploads\/2023\/05\/hp.jpg","type":"image\/jpeg"}],"twitter_card":"summary_large_image","twitter_title":"Nos solutions innovantes au service de la transition \u00e9cologique et \u00e9nerg\u00e9tique","twitter_description":"Des bornes de recharge \u00e9lectrique haute puissance \u00e0 la production d\u2019\u00e9nergies renouvelables en passant par le stockage diffus d\u2019\u00e9lectricit\u00e9 et l'agr\u00e9gation des actifs \u00e9nerg\u00e9tiques sur le march\u00e9, nos solutions innovantes de gestion et stockage d\u2019\u00e9nergie sont toutes pens\u00e9es pour rendre la transition \u00e9nerg\u00e9tique accessible \u00e0 tous.","twitter_image":"https:\/\/www.nw-groupe.com\/wp-content\/uploads\/2023\/05\/hp.jpg","schema":{"@context":"https:\/\/schema.org","@graph":[{"@type":"WebPage","@id":"https:\/\/www.nw-groupe.com\/en\/our-solutions\/","url":"https:\/\/www.nw-groupe.com\/en\/our-solutions\/","name":"Our innovative solutions for the ecological and energy transition - NW","isPartOf":{"@id":"https:\/\/www.nw-groupe.com\/en\/#website"},"datePublished":"2023-05-05T07:38:03+00:00","dateModified":"2023-09-21T15:02:50+00:00","description":"Des bornes de recharge \u00e9lectrique haute puissance \u00e0 la production d\u2019\u00e9nergies renouvelables en passant par le stockage diffus d\u2019\u00e9lectricit\u00e9 et l'agr\u00e9gation des actifs \u00e9nerg\u00e9tiques sur le march\u00e9, nos solutions innovantes de gestion et stockage d\u2019\u00e9nergie sont toutes pens\u00e9es pour rendre la transition \u00e9nerg\u00e9tique accessible \u00e0 tous.","breadcrumb":{"@id":"https:\/\/www.nw-groupe.com\/en\/our-solutions\/#breadcrumb"},"inLanguage":"en-US","potentialAction":[{"@type":"ReadAction","target":["https:\/\/www.nw-groupe.com\/en\/our-solutions\/"]}]},{"@type":"BreadcrumbList","@id":"https:\/\/www.nw-groupe.com\/en\/our-solutions\/#breadcrumb","itemListElement":[{"@type":"ListItem","position":1,"name":"Home","item":"https:\/\/www.nw-groupe.com\/en\/"},{"@type":"ListItem","position":2,"name":"Our innovative solutions for the ecological and energy transition"}]},{"@type":"WebSite","@id":"https:\/\/www.nw-groupe.com\/en\/#website","url":"https:\/\/www.nw-groupe.com\/en\/","name":"NW","description":"","potentialAction":[{"@type":"SearchAction","target":{"@type":"EntryPoint","urlTemplate":"https:\/\/www.nw-groupe.com\/en\/?s={search_term_string}"},"query-input":{"@type":"PropertyValueSpecification","valueRequired":true,"valueName":"search_term_string"}}],"inLanguage":"en-US"}]}},"_links":{"self":[{"href":"https:\/\/www.nw-groupe.com\/en\/wp-json\/wp\/v2\/pages\/1348","targetHints":{"allow":["GET"]}}],"collection":[{"href":"https:\/\/www.nw-groupe.com\/en\/wp-json\/wp\/v2\/pages"}],"about":[{"href":"https:\/\/www.nw-groupe.com\/en\/wp-json\/wp\/v2\/types\/page"}],"author":[{"embeddable":true,"href":"https:\/\/www.nw-groupe.com\/en\/wp-json\/wp\/v2\/users\/3"}],"replies":[{"embeddable":true,"href":"https:\/\/www.nw-groupe.com\/en\/wp-json\/wp\/v2\/comments?post=1348"}],"version-history":[{"count":7,"href":"https:\/\/www.nw-groupe.com\/en\/wp-json\/wp\/v2\/pages\/1348\/revisions"}],"predecessor-version":[{"id":1452,"href":"https:\/\/www.nw-groupe.com\/en\/wp-json\/wp\/v2\/pages\/1348\/revisions\/1452"}],"wp:attachment":[{"href":"https:\/\/www.nw-groupe.com\/en\/wp-json\/wp\/v2\/media?parent=1348"}],"curies":[{"name":"wp","href":"https:\/\/api.w.org\/{rel}","templated":true}]}}